{"id":1064,"date":"2022-02-23T09:55:48","date_gmt":"2022-02-23T12:55:48","guid":{"rendered":"http:\/\/tractorservice.eng.br\/?page_id=1064"},"modified":"2023-05-04T18:09:15","modified_gmt":"2023-05-04T21:09:15","slug":"pagina-1-servicos","status":"publish","type":"page","link":"https:\/\/tractorservice.eng.br\/index.php\/pagina-1-servicos\/","title":{"rendered":"INC\u00caNDIO"},"content":{"rendered":"<style>\/*! elementor - v3.11.1 - 15-02-2023 *\/\n.elementor-heading-title{padding:0;margin:0;line-height:1}.elementor-widget-heading .elementor-heading-title[class*=elementor-size-]>a{color:inherit;font-size:inherit;line-height:inherit}.elementor-widget-heading .elementor-heading-title.elementor-size-small{font-size:15px}.elementor-widget-heading .elementor-heading-title.elementor-size-medium{font-size:19px}.elementor-widget-heading .elementor-heading-title.elementor-size-large{font-size:29px}.elementor-widget-heading .elementor-heading-title.elementor-size-xl{font-size:39px}.elementor-widget-heading .elementor-heading-title.elementor-size-xxl{font-size:59px}<\/style>\n<h4>INC\u00caNDIO<\/h4>\n<h5>Instala\u00e7\u00e3o, MANUTEN\u00c7\u00c3O e PROJETOS DE SISTEMAS DE COMBATE A INC\u00caNDIO<\/h5>\n<h4>Sobre Sistema de Prote\u00e7\u00e3o e Combate Contra Inc\u00eandio<\/h4>\n<p style=\"text-align: justify;\">Garantir a seguran\u00e7a dos funcion\u00e1rios \u00e9 prioridade nos mais variados segmentos. N\u00e3o \u00e9 por menos que a implanta\u00e7\u00e3o de sistemas de prote\u00e7\u00e3o contra inc\u00eandio longe de ser visto como despesa, \u00e9 um investimento mais do que essencial nas empresas<\/p>\n<p>\t\t\t<a href=\"http:\/\/tractorservice.eng.br\/index.php\/contact\/\" role=\"button\"><br \/>\n\t\t\t\t\t\tSAIBA MAIS<br \/>\n\t\t\t\t\t<\/a><\/p>\n<style>\/*! elementor - v3.11.1 - 15-02-2023 *\/\n.elementor-widget-image{text-align:center}.elementor-widget-image a{display:inline-block}.elementor-widget-image a img[src$=\".svg\"]{width:48px}.elementor-widget-image img{vertical-align:middle;display:inline-block}<\/style>\n<p>\t\t\t\t\t\t\t\t\t\t\t\t<img decoding=\"async\" width=\"1280\" height=\"853\" src=\"http:\/\/tractorservice.eng.br\/wp-content\/uploads\/2022\/03\/fire-fighting-helm-firefighters-4495488.jpg\" alt=\"fire fighting, helm, firefighters-4495488.jpg\" loading=\"lazy\" srcset=\"https:\/\/tractorservice.eng.br\/wp-content\/uploads\/2022\/03\/fire-fighting-helm-firefighters-4495488.jpg 1280w, https:\/\/tractorservice.eng.br\/wp-content\/uploads\/2022\/03\/fire-fighting-helm-firefighters-4495488-300x200.jpg 300w, https:\/\/tractorservice.eng.br\/wp-content\/uploads\/2022\/03\/fire-fighting-helm-firefighters-4495488-1024x682.jpg 1024w, https:\/\/tractorservice.eng.br\/wp-content\/uploads\/2022\/03\/fire-fighting-helm-firefighters-4495488-768x512.jpg 768w\" sizes=\"(max-width: 1280px) 100vw, 1280px\" \/>\t\t\t\t\t\t\t\t\t\t\t\t\t\t\t<\/p>\n<h4>Nossos Servi\u00e7os<\/h4>\n<link rel=\"stylesheet\" href=\"https:\/\/tractorservice.eng.br\/wp-content\/plugins\/elementor\/assets\/css\/widget-icon-box.min.css\">\n<h3>\n\t\t\t\t\t\tInstala\u00e7\u00e3o<br \/>\n\t\t\t\t<\/h3>\n<p>\n\t\t\t\t\t\tCentral de Inc\u00eandio, sensores de calor, detectores de fuma\u00e7a\t\t\t\t\t<\/p>\n<h3>\n\t\t\t\t\t\tDimensionamento<br \/>\n\t\t\t\t<\/h3>\n<p>\n\t\t\t\t\t\tCentrais de inc\u00eandio, sensores, detectores e acionadores manuais\t\t\t\t\t<\/p>\n<h3>\n\t\t\t\t\t\tProjetos<br \/>\n\t\t\t\t<\/h3>\n<p>\n\t\t\t\t\t\tQuadro para centrais de inc\u00eandio, projetos de seguran\u00e7a e sensores\t\t\t\t\t<\/p>\n<h3>\n\t\t\t\t\t\tManuten\u00e7\u00e3o<br \/>\n\t\t\t\t<\/h3>\n<p>\n\t\t\t\t\t\tCorretiva, preditiva e  preventiva\t\t\t\t\t<\/p>\n<h3>\n\t\t\t\t\t\tMontagem<br \/>\n\t\t\t\t<\/h3>\n<p>\n\t\t\t\t\t\tMontagem de infraestrutura para detec\u00e7\u00e3o e combate contra inc\u00eandio \t\t\t\t\t<\/p>\n<h3>\n\t\t\t\t\t\tTeste de Equipamentos<br \/>\n\t\t\t\t<\/h3>\n<p>\n\t\t\t\t\t\tTeste de sensores e centrais de inc\u00eandio com testes de la\u00e7os\t\t\t\t\t<\/p>\n<h2>Procurando  projetos e servi\u00e7os de sistemas para combate contra inc\u00eandio<\/h2>\n<p><strong>Entre em contato conosco .<\/strong>&nbsp;<\/p>\n<p>\t\t\t<a href=\"http:\/\/tractorservice.eng.br\/index.php\/contact\/\" role=\"button\"><br \/>\n\t\t\t\t\t\tOr\u00e7amentos e cota\u00e7\u00f5es<br \/>\n\t\t\t\t\t<\/a><\/p>\n","protected":false},"excerpt":{"rendered":"<p>INC\u00caNDIO Instala\u00e7\u00e3o, MANUTEN\u00c7\u00c3O e PROJETOS DE SISTEMAS DE COMBATE A INC\u00caNDIO Sobre Sistema de Prote\u00e7\u00e3o e Combate Contra Inc\u00eandio Garantir [&hellip;]<\/p>\n","protected":false},"author":1,"featured_media":0,"parent":0,"menu_order":0,"comment_status":"closed","ping_status":"closed","template":"","meta":{"_uag_custom_page_level_css":"","_monsterinsights_skip_tracking":false,"_monsterinsights_sitenote_active":false,"_monsterinsights_sitenote_note":"","_monsterinsights_sitenote_category":0,"footnotes":"","_joinchat":[]},"aioseo_notices":[],"uagb_featured_image_src":{"full":false,"thumbnail":false,"medium":false,"medium_large":false,"large":false,"1536x1536":false,"2048x2048":false,"flash-square":false,"flash-big":false,"flash-grid":false},"uagb_author_info":{"display_name":"paulooneda","author_link":"https:\/\/tractorservice.eng.br\/index.php\/author\/paulooneda\/"},"uagb_comment_info":0,"uagb_excerpt":"INC\u00caNDIO Instala\u00e7\u00e3o, MANUTEN\u00c7\u00c3O e PROJETOS DE SISTEMAS DE COMBATE A INC\u00caNDIO Sobre Sistema de Prote\u00e7\u00e3o e Combate Contra Inc\u00eandio Garantir [&hellip;]","_links":{"self":[{"href":"https:\/\/tractorservice.eng.br\/index.php\/wp-json\/wp\/v2\/pages\/1064"}],"collection":[{"href":"https:\/\/tractorservice.eng.br\/index.php\/wp-json\/wp\/v2\/pages"}],"about":[{"href":"https:\/\/tractorservice.eng.br\/index.php\/wp-json\/wp\/v2\/types\/page"}],"author":[{"embeddable":true,"href":"https:\/\/tractorservice.eng.br\/index.php\/wp-json\/wp\/v2\/users\/1"}],"replies":[{"embeddable":true,"href":"https:\/\/tractorservice.eng.br\/index.php\/wp-json\/wp\/v2\/comments?post=1064"}],"version-history":[{"count":96,"href":"https:\/\/tractorservice.eng.br\/index.php\/wp-json\/wp\/v2\/pages\/1064\/revisions"}],"predecessor-version":[{"id":3276,"href":"https:\/\/tractorservice.eng.br\/index.php\/wp-json\/wp\/v2\/pages\/1064\/revisions\/3276"}],"wp:attachment":[{"href":"https:\/\/tractorservice.eng.br\/index.php\/wp-json\/wp\/v2\/media?parent=1064"}],"curies":[{"name":"wp","href":"https:\/\/api.w.org\/{rel}","templated":true}]}}