{"id":1080,"date":"2022-02-23T11:51:35","date_gmt":"2022-02-23T14:51:35","guid":{"rendered":"http:\/\/tractorservice.eng.br\/?page_id=1080"},"modified":"2023-05-26T15:18:08","modified_gmt":"2023-05-26T18:18:08","slug":"empresa","status":"publish","type":"page","link":"https:\/\/tractorservice.eng.br\/index.php\/empresa\/","title":{"rendered":"Empresa"},"content":{"rendered":"<style>\/*! elementor - v3.11.1 - 15-02-2023 *\/\n.elementor-widget-image{text-align:center}.elementor-widget-image a{display:inline-block}.elementor-widget-image a img[src$=\".svg\"]{width:48px}.elementor-widget-image img{vertical-align:middle;display:inline-block}<\/style>\n<p>\t\t\t\t\t\t\t\t\t\t\t\t<img decoding=\"async\" width=\"394\" height=\"303\" src=\"http:\/\/tractorservice.eng.br\/wp-content\/uploads\/2022\/04\/Tractorlogosvg.jpg\" alt=\"\" loading=\"lazy\" srcset=\"https:\/\/tractorservice.eng.br\/wp-content\/uploads\/2022\/04\/Tractorlogosvg.jpg 394w, https:\/\/tractorservice.eng.br\/wp-content\/uploads\/2022\/04\/Tractorlogosvg-300x231.jpg 300w\" sizes=\"(max-width: 394px) 100vw, 394px\" \/>\t\t\t\t\t\t\t\t\t\t\t\t\t\t\t<\/p>\n<style>\/*! elementor - v3.11.1 - 15-02-2023 *\/\n.elementor-heading-title{padding:0;margin:0;line-height:1}.elementor-widget-heading .elementor-heading-title[class*=elementor-size-]>a{color:inherit;font-size:inherit;line-height:inherit}.elementor-widget-heading .elementor-heading-title.elementor-size-small{font-size:15px}.elementor-widget-heading .elementor-heading-title.elementor-size-medium{font-size:19px}.elementor-widget-heading .elementor-heading-title.elementor-size-large{font-size:29px}.elementor-widget-heading .elementor-heading-title.elementor-size-xl{font-size:39px}.elementor-widget-heading .elementor-heading-title.elementor-size-xxl{font-size:59px}<\/style>\n<h2>Tractor Service Engenharia<br \/>\n<\/h2>\n<h5>Fundada em 2014, direcionada especificamente a \u00e1rea de servi\u00e7os, atuando em projetos para aeroportos, datacenters, hospitais, pres\u00eddios, ind\u00fastrias entre outros. <\/h5>\n<p>Trabalhando com sistemas de energia e climatiza\u00e7\u00e3o de ambientes cr\u00edticos. Entre as diversas camadas de servi\u00e7os, atuamos sempre desenvolvendo solu\u00e7\u00f5es adequadas a necessidade do cliente.<\/p>\n<p>Trabalhamos com vendas de sistemas de energia e climatiza\u00e7\u00e3o, alem disso servi\u00e7os de assist\u00eancia t\u00e9cnica para energia , projetos, gerenciamento e manuten\u00e7\u00e3o de obras el\u00e9tricas. Operamos grandes obras e projetos de engenharia alem de contratos para obras termais e climatiza\u00e7\u00e3o. Desenvolvemos projetos de sistemas fotovoltaicos com enfase em efici\u00eancia energ\u00e9tica<\/p>\n<p style=\"margin-left: 36.0pt; text-indent: -18.0pt; mso-list: l0 level1 lfo1; tab-stops: list 36.0pt;\">\n<h2>Solu\u00e7\u00f5es<\/h2>\n<h2>Projetos<\/h2>\n<h2>Vendas<\/h2>\n<h3 style=\"font-family: Roboto, sans-serif; font-size: 14px; font-style: normal; font-weight: 400;\">_______________________________<\/h3>\n<p><strong>\u00a0<\/strong><\/p>\n<p style=\"font-family: Roboto, sans-serif; font-size: 14px; font-style: normal; font-weight: 400; text-align: justify;\">Atua\u00e7\u00e3o em contratos de manuten\u00e7\u00e3o preventiva, corretiva e preditiva para UPS e thermal. Obras de instala\u00e7\u00e3o, preventivas e startup de nobreak. Montagem e troca de bancos de baterias. Obras de instala\u00e7\u00e3o e preventivas de ar condicionado de precis\u00e3o. Dimensionamento e instala\u00e7\u00e3o de sistemas fotovoltaicos. Manuten\u00e7\u00e3o predial e industrial<\/p>\n<h3 style=\"font-family: Roboto, sans-serif; font-size: 14px; font-style: normal; font-weight: 400;\">_______________________________<\/h3>\n<p>&nbsp;<\/p>\n<p style=\"font-family: Roboto, sans-serif; font-size: 14px; font-style: normal; font-weight: 400; text-align: justify;\">Projetos el\u00e9tricos, fotovoltaicos, climatiza\u00e7\u00e3o, nobreak, ambientes cr\u00edticos, sistemas de inc\u00eandio e enfase energ\u00e9tica. Alem disso projetos residencias, comerciais e industriais de engenharia el\u00e9tricaProjetos el\u00e9tricos, fotovoltaicos, climatiza\u00e7\u00e3o, nobreak, ambientes cr\u00edticos, sistemas de inc\u00eandio e enfase energ\u00e9tica. Alem disso projetos residencias, comerciais e industriais de engenharia el\u00e9trica<\/p>\n<h3 style=\"font-family: Roboto, sans-serif; font-size: 14px; font-style: normal; font-weight: 400;\">_______________________________<\/h3>\n<h3 style=\"font-family: Roboto, sans-serif; font-size: 14px; font-style: normal; font-weight: 400;\">\u00a0<\/h3>\n<h3 style=\"font-family: Roboto, sans-serif; font-size: 14px; font-style: normal; font-weight: 400; text-align: justify;\">Projetos el\u00e9tricos, fotovoltaicos, climatiza\u00e7\u00e3o, nobreak, ambientes cr\u00edticos, sistemas de inc\u00eandio e enfase energ\u00e9tica. Alem disso projetos residencias, comerciais e industriais de engenharia el\u00e9tricaProjetos el\u00e9tricos, fotovoltaicos, climatiza\u00e7\u00e3o, nobreak, ambientes cr\u00edticos, sistemas de inc\u00eandio e enfase energ\u00e9tica. Alem disso projetos residencias, comerciais e industriais de engenharia el\u00e9trica<\/h3>\n<h2>Projetos e Solu\u00e7\u00f5es<\/h2>\n<p style=\"text-align: justify;\">Possuimos mais de 7 anos de mercado com vasta experiencia em projetos de engenharia, participando de grandes obras e contando com profissionais qualificados.<\/p>\n<p>\t\t\t<a href=\"#\" role=\"button\"><br \/>\n\t\t\t\t\t\tFale Conosco<br \/>\n\t\t\t\t\t<\/a><\/p>\n","protected":false},"excerpt":{"rendered":"<p>Tractor Service Engenharia Fundada em 2014, direcionada especificamente a \u00e1rea de servi\u00e7os, atuando em projetos para aeroportos, datacenters, hospitais, pres\u00eddios, [&hellip;]<\/p>\n","protected":false},"author":1,"featured_media":0,"parent":0,"menu_order":0,"comment_status":"closed","ping_status":"closed","template":"","meta":{"_uag_custom_page_level_css":"","_monsterinsights_skip_tracking":false,"_monsterinsights_sitenote_active":false,"_monsterinsights_sitenote_note":"","_monsterinsights_sitenote_category":0,"footnotes":"","_joinchat":[]},"aioseo_notices":[],"uagb_featured_image_src":{"full":false,"thumbnail":false,"medium":false,"medium_large":false,"large":false,"1536x1536":false,"2048x2048":false,"flash-square":false,"flash-big":false,"flash-grid":false},"uagb_author_info":{"display_name":"paulooneda","author_link":"https:\/\/tractorservice.eng.br\/index.php\/author\/paulooneda\/"},"uagb_comment_info":0,"uagb_excerpt":"Tractor Service Engenharia Fundada em 2014, direcionada especificamente a \u00e1rea de servi\u00e7os, atuando em projetos para aeroportos, datacenters, hospitais, pres\u00eddios, [&hellip;]","_links":{"self":[{"href":"https:\/\/tractorservice.eng.br\/index.php\/wp-json\/wp\/v2\/pages\/1080"}],"collection":[{"href":"https:\/\/tractorservice.eng.br\/index.php\/wp-json\/wp\/v2\/pages"}],"about":[{"href":"https:\/\/tractorservice.eng.br\/index.php\/wp-json\/wp\/v2\/types\/page"}],"author":[{"embeddable":true,"href":"https:\/\/tractorservice.eng.br\/index.php\/wp-json\/wp\/v2\/users\/1"}],"replies":[{"embeddable":true,"href":"https:\/\/tractorservice.eng.br\/index.php\/wp-json\/wp\/v2\/comments?post=1080"}],"version-history":[{"count":124,"href":"https:\/\/tractorservice.eng.br\/index.php\/wp-json\/wp\/v2\/pages\/1080\/revisions"}],"predecessor-version":[{"id":3316,"href":"https:\/\/tractorservice.eng.br\/index.php\/wp-json\/wp\/v2\/pages\/1080\/revisions\/3316"}],"wp:attachment":[{"href":"https:\/\/tractorservice.eng.br\/index.php\/wp-json\/wp\/v2\/media?parent=1080"}],"curies":[{"name":"wp","href":"https:\/\/api.w.org\/{rel}","templated":true}]}}