{"id":1153,"date":"2022-03-07T09:27:45","date_gmt":"2022-03-07T12:27:45","guid":{"rendered":"http:\/\/tractorservice.eng.br\/?page_id=1153"},"modified":"2023-05-04T18:02:58","modified_gmt":"2023-05-04T21:02:58","slug":"climatizacao","status":"publish","type":"page","link":"https:\/\/tractorservice.eng.br\/index.php\/climatizacao\/","title":{"rendered":"CLIMATIZA\u00c7\u00c3O"},"content":{"rendered":"<style>\/*! elementor - v3.11.1 - 15-02-2023 *\/\n.elementor-heading-title{padding:0;margin:0;line-height:1}.elementor-widget-heading .elementor-heading-title[class*=elementor-size-]>a{color:inherit;font-size:inherit;line-height:inherit}.elementor-widget-heading .elementor-heading-title.elementor-size-small{font-size:15px}.elementor-widget-heading .elementor-heading-title.elementor-size-medium{font-size:19px}.elementor-widget-heading .elementor-heading-title.elementor-size-large{font-size:29px}.elementor-widget-heading .elementor-heading-title.elementor-size-xl{font-size:39px}.elementor-widget-heading .elementor-heading-title.elementor-size-xxl{font-size:59px}<\/style>\n<h4>CLIMATIZA\u00c7\u00c3O<\/h4>\n<h5>Instala\u00e7\u00e3o, manuten\u00e7\u00f5es e dimensionamento<\/h5>\n<h4>Equipamentos de Precis\u00e3o<\/h4>\n<p style=\"text-align: justify;\">Voltados para ambientes cr\u00edticos como salas cofres, datacenter, onde seu funcionamento \u00e9 24\/7, trabalha com a climatiza\u00e7\u00e3o de salas t\u00e9cnicas, servidores, racks de inform\u00e1ticas, Storages entre outros.\u00a0Onde h\u00e1 um controle de temperatura e umidade preciso, com uma alta vaz\u00e3o destinada para uma melhor eficiencia e refrigera\u00e7\u00e3o do ambiente critico.<\/p>\n<p>\t\t\t<a href=\"http:\/\/tractorservice.eng.br\/index.php\/contact\/\" role=\"button\"><br \/>\n\t\t\t\t\t\tSAIBA MAIS<br \/>\n\t\t\t\t\t<\/a><\/p>\n<style>\/*! elementor - v3.11.1 - 15-02-2023 *\/\n.elementor-widget-image{text-align:center}.elementor-widget-image a{display:inline-block}.elementor-widget-image a img[src$=\".svg\"]{width:48px}.elementor-widget-image img{vertical-align:middle;display:inline-block}<\/style>\n<p>\t\t\t\t\t\t\t\t\t\t\t\t<img decoding=\"async\" width=\"711\" height=\"636\" src=\"http:\/\/tractorservice.eng.br\/wp-content\/uploads\/2022\/03\/precisao-liebert.jpg\" alt=\"\" loading=\"lazy\" srcset=\"https:\/\/tractorservice.eng.br\/wp-content\/uploads\/2022\/03\/precisao-liebert.jpg 711w, https:\/\/tractorservice.eng.br\/wp-content\/uploads\/2022\/03\/precisao-liebert-300x268.jpg 300w\" sizes=\"(max-width: 711px) 100vw, 711px\" \/>\t\t\t\t\t\t\t\t\t\t\t\t\t\t\t<\/p>\n<h2>Procurando  projetos e servi\u00e7os de climatiza\u00e7\u00e3o ?<\/h2>\n<p><strong>Entre em contato conosco .<\/strong>&nbsp;<\/p>\n<p>\t\t\t<a href=\"http:\/\/tractorservice.eng.br\/index.php\/contact\/\" role=\"button\"><br \/>\n\t\t\t\t\t\tOr\u00e7amentos e cota\u00e7\u00f5es<br \/>\n\t\t\t\t\t<\/a><\/p>\n<h4>Equipamentos de Conforto<\/h4>\n<p style=\"text-align: justify;\">Por que o sistema de climatiza\u00e7\u00e3o \u00e9 t\u00e3o importante? Al\u00e9m de proporcionar conforto t\u00e9rmico em ambiente fechados (com o aumento ou a diminui\u00e7\u00e3o da temperatura do ar), tamb\u00e9m garante a purifica\u00e7\u00e3o, regula\u00e7\u00e3o da umidade, difus\u00e3o e a renova\u00e7\u00e3o do ar. Um ar de qualidade, consequentemente, gera boas condi\u00e7\u00f5es de trabalho e uma maior produtividade.<\/p>\n<p>\t\t\t<a href=\"http:\/\/tractorservice.eng.br\/index.php\/contact\/\" role=\"button\"><br \/>\n\t\t\t\t\t\tSAIBA MAIS<br \/>\n\t\t\t\t\t<\/a><br \/>\n\t\t\t\t\t\t\t\t\t\t\t\t\t\t\t<img decoding=\"async\" width=\"1280\" height=\"847\" src=\"http:\/\/tractorservice.eng.br\/wp-content\/uploads\/2022\/03\/air-conditioner-global-warming-summer-3629396.jpg\" alt=\"air conditioner, global warming, summer-3629396.jpg\" loading=\"lazy\" srcset=\"https:\/\/tractorservice.eng.br\/wp-content\/uploads\/2022\/03\/air-conditioner-global-warming-summer-3629396.jpg 1280w, https:\/\/tractorservice.eng.br\/wp-content\/uploads\/2022\/03\/air-conditioner-global-warming-summer-3629396-300x199.jpg 300w, https:\/\/tractorservice.eng.br\/wp-content\/uploads\/2022\/03\/air-conditioner-global-warming-summer-3629396-1024x678.jpg 1024w, https:\/\/tractorservice.eng.br\/wp-content\/uploads\/2022\/03\/air-conditioner-global-warming-summer-3629396-768x508.jpg 768w\" sizes=\"(max-width: 1280px) 100vw, 1280px\" \/>\t\t\t\t\t\t\t\t\t\t\t\t\t\t\t<\/p>\n<h4>Nossos Servi\u00e7os<\/h4>\n<link rel=\"stylesheet\" href=\"https:\/\/tractorservice.eng.br\/wp-content\/plugins\/elementor\/assets\/css\/widget-icon-box.min.css\">\n\t\t\t\t<a href=\"http:\/\/tractorservice.eng.br\/index.php\/projeto-teste-pag\/\"><br \/>\n\t\t\t\t\t\t\t\t<\/a><\/p>\n<h3>\n\t\t\t\t\t<a href=\"http:\/\/tractorservice.eng.br\/index.php\/projeto-teste-pag\/\" ><br \/>\n\t\t\t\t\t\tInstala\u00e7\u00e3o<br \/>\n\t\t\t\t\t<\/a><br \/>\n\t\t\t\t<\/h3>\n<p>\n\t\t\t\t\t\tInstala\u00e7\u00e3o de equipamentos em ambientes cr\u00edticos\t\t\t\t\t<\/p>\n<p>\t\t\t\t<a href=\"http:\/\/tractorservice.eng.br\/index.php\/projeto-teste-pag\/\"><br \/>\n\t\t\t\t\t\t\t\t<\/a><\/p>\n<h3>\n\t\t\t\t\t<a href=\"http:\/\/tractorservice.eng.br\/index.php\/projeto-teste-pag\/\" ><br \/>\n\t\t\t\t\t\tDimensionamento\t\t\t\t\t<\/a><br \/>\n\t\t\t\t<\/h3>\n<p>\n\t\t\t\t\t\tAr condicionado de precis\u00e3o com layout e aprova\u00e7\u00e3o do fabricante\t\t\t\t\t<\/p>\n<p>\t\t\t\t<a href=\"http:\/\/tractorservice.eng.br\/index.php\/projeto-teste-pag\/\"><br \/>\n\t\t\t\t\t\t\t\t<\/a><\/p>\n<h3>\n\t\t\t\t\t<a href=\"http:\/\/tractorservice.eng.br\/index.php\/projeto-teste-pag\/\" ><br \/>\n\t\t\t\t\t\tStart up\t\t\t\t\t<\/a><br \/>\n\t\t\t\t<\/h3>\n<p>\n\t\t\t\t\t\tStart up de equipamentos e placas de comunica\u00e7\u00e3o\t\t\t\t\t<\/p>\n<p>\t\t\t\t<a href=\"http:\/\/tractorservice.eng.br\/index.php\/projeto-teste-pag\/\"><br \/>\n\t\t\t\t\t\t\t\t<\/a><\/p>\n<h3>\n\t\t\t\t\t<a href=\"http:\/\/tractorservice.eng.br\/index.php\/projeto-teste-pag\/\" ><br \/>\n\t\t\t\t\t\tManuten\u00e7\u00e3o\t\t\t\t\t<\/a><br \/>\n\t\t\t\t<\/h3>\n<p>\n\t\t\t\t\t\tCorretiva, preditiva e  preventiva\t\t\t\t\t<\/p>\n<p>\t\t\t\t<a href=\"http:\/\/tractorservice.eng.br\/index.php\/projeto-teste-pag\/\"><br \/>\n\t\t\t\t\t\t\t\t<\/a><\/p>\n<h3>\n\t\t\t\t\t<a href=\"http:\/\/tractorservice.eng.br\/index.php\/projeto-teste-pag\/\" ><br \/>\n\t\t\t\t\t\tProcesso de Vacuo\t\t\t\t\t<\/a><br \/>\n\t\t\t\t<\/h3>\n<p>\n\t\t\t\t\t\tEm linhas de baixa e alta complexidade de equipamentos thermal ( ar condicionado de precis\u00e3o ) voltados para ambientes cr\u00edticos. Seguindo padr\u00f5es e normas estipulados pelo fabricante\t\t\t\t\t<\/p>\n<p>\t\t\t\t<a href=\"http:\/\/tractorservice.eng.br\/index.php\/projeto-teste-pag\/\"><br \/>\n\t\t\t\t\t\t\t\t<\/a><\/p>\n<h3>\n\t\t\t\t\t<a href=\"http:\/\/tractorservice.eng.br\/index.php\/projeto-teste-pag\/\" ><br \/>\n\t\t\t\t\t\tA\u00e7\u00f5es Corretivas\t\t\t\t\t<\/a><br \/>\n\t\t\t\t<\/h3>\n<p>\n\t\t\t\t\t\tTroca de Compressores, substitui\u00e7\u00f5es de pe\u00e7as: pressostatos, ventilador, filtros secadores, filtros de ar. Remanejamento de equipamentos\t\t\t\t\t<\/p>\n","protected":false},"excerpt":{"rendered":"<p>CLIMATIZA\u00c7\u00c3O Instala\u00e7\u00e3o, manuten\u00e7\u00f5es e dimensionamento Equipamentos de Precis\u00e3o Voltados para ambientes cr\u00edticos como salas cofres, datacenter, onde seu funcionamento \u00e9 [&hellip;]<\/p>\n","protected":false},"author":1,"featured_media":0,"parent":0,"menu_order":0,"comment_status":"closed","ping_status":"closed","template":"","meta":{"_uag_custom_page_level_css":"","_monsterinsights_skip_tracking":false,"_monsterinsights_sitenote_active":false,"_monsterinsights_sitenote_note":"","_monsterinsights_sitenote_category":0,"footnotes":"","_joinchat":[]},"aioseo_notices":[],"uagb_featured_image_src":{"full":false,"thumbnail":false,"medium":false,"medium_large":false,"large":false,"1536x1536":false,"2048x2048":false,"flash-square":false,"flash-big":false,"flash-grid":false},"uagb_author_info":{"display_name":"paulooneda","author_link":"https:\/\/tractorservice.eng.br\/index.php\/author\/paulooneda\/"},"uagb_comment_info":0,"uagb_excerpt":"CLIMATIZA\u00c7\u00c3O Instala\u00e7\u00e3o, manuten\u00e7\u00f5es e dimensionamento Equipamentos de Precis\u00e3o Voltados para ambientes cr\u00edticos como salas cofres, datacenter, onde seu funcionamento \u00e9 [&hellip;]","_links":{"self":[{"href":"https:\/\/tractorservice.eng.br\/index.php\/wp-json\/wp\/v2\/pages\/1153"}],"collection":[{"href":"https:\/\/tractorservice.eng.br\/index.php\/wp-json\/wp\/v2\/pages"}],"about":[{"href":"https:\/\/tractorservice.eng.br\/index.php\/wp-json\/wp\/v2\/types\/page"}],"author":[{"embeddable":true,"href":"https:\/\/tractorservice.eng.br\/index.php\/wp-json\/wp\/v2\/users\/1"}],"replies":[{"embeddable":true,"href":"https:\/\/tractorservice.eng.br\/index.php\/wp-json\/wp\/v2\/comments?post=1153"}],"version-history":[{"count":51,"href":"https:\/\/tractorservice.eng.br\/index.php\/wp-json\/wp\/v2\/pages\/1153\/revisions"}],"predecessor-version":[{"id":3251,"href":"https:\/\/tractorservice.eng.br\/index.php\/wp-json\/wp\/v2\/pages\/1153\/revisions\/3251"}],"wp:attachment":[{"href":"https:\/\/tractorservice.eng.br\/index.php\/wp-json\/wp\/v2\/media?parent=1153"}],"curies":[{"name":"wp","href":"https:\/\/api.w.org\/{rel}","templated":true}]}}