{"id":1165,"date":"2022-03-07T09:48:51","date_gmt":"2022-03-07T12:48:51","guid":{"rendered":"http:\/\/tractorservice.eng.br\/?page_id=1165"},"modified":"2023-05-04T18:08:19","modified_gmt":"2023-05-04T21:08:19","slug":"pagina-1-servicos-manutencao-predial","status":"publish","type":"page","link":"https:\/\/tractorservice.eng.br\/index.php\/pagina-1-servicos-manutencao-predial\/","title":{"rendered":"MANUTEN\u00c7\u00c3O PREDIAL"},"content":{"rendered":"<style>\/*! elementor - v3.11.1 - 15-02-2023 *\/\n.elementor-heading-title{padding:0;margin:0;line-height:1}.elementor-widget-heading .elementor-heading-title[class*=elementor-size-]>a{color:inherit;font-size:inherit;line-height:inherit}.elementor-widget-heading .elementor-heading-title.elementor-size-small{font-size:15px}.elementor-widget-heading .elementor-heading-title.elementor-size-medium{font-size:19px}.elementor-widget-heading .elementor-heading-title.elementor-size-large{font-size:29px}.elementor-widget-heading .elementor-heading-title.elementor-size-xl{font-size:39px}.elementor-widget-heading .elementor-heading-title.elementor-size-xxl{font-size:59px}<\/style>\n<h4>MANUTEN\u00c7\u00c3O PREDIAL<\/h4>\n<h5>Instala\u00e7\u00e3o, MANUTEN\u00c7\u00c3O e PROJETOS<\/h5>\n<h4>Manuten\u00e7\u00e3o Predial<\/h4>\n<p style=\"text-align: justify;\">Preservar a vida \u00fatil da edifica\u00e7\u00e3o, garantindo a seguran\u00e7a das pessoas, \u00e9 o principal objetivo da manuten\u00e7\u00e3o predial. A\u00e7\u00f5es planejadas de avalia\u00e7\u00e3o, conserva\u00e7\u00e3o e recupera\u00e7\u00e3o de sistemas e equipamentos de um pr\u00e9dio garantem tamb\u00e9m a valoriza\u00e7\u00e3o do local e bem-estar individual e coletivo, seja em estruturas novas ou mais antigas. \u00c9, assim, um trabalho preventivo que diagnostica poss\u00edveis problemas e mapeia solu\u00e7\u00f5es.<\/p>\n<p>\t\t\t<a href=\"http:\/\/tractorservice.eng.br\/index.php\/contact\/\" role=\"button\"><br \/>\n\t\t\t\t\t\tSAIBA MAIS<br \/>\n\t\t\t\t\t<\/a><\/p>\n<style>\/*! elementor - v3.11.1 - 15-02-2023 *\/\n.elementor-widget-image{text-align:center}.elementor-widget-image a{display:inline-block}.elementor-widget-image a img[src$=\".svg\"]{width:48px}.elementor-widget-image img{vertical-align:middle;display:inline-block}<\/style>\n<p>\t\t\t\t\t\t\t\t\t\t\t\t<img decoding=\"async\" width=\"1280\" height=\"853\" src=\"http:\/\/tractorservice.eng.br\/wp-content\/uploads\/2022\/02\/construction-worker-safety-2578410.jpg\" alt=\"construction, worker, safety-2578410.jpg\" loading=\"lazy\" srcset=\"https:\/\/tractorservice.eng.br\/wp-content\/uploads\/2022\/02\/construction-worker-safety-2578410.jpg 1280w, https:\/\/tractorservice.eng.br\/wp-content\/uploads\/2022\/02\/construction-worker-safety-2578410-300x200.jpg 300w, https:\/\/tractorservice.eng.br\/wp-content\/uploads\/2022\/02\/construction-worker-safety-2578410-1024x682.jpg 1024w, https:\/\/tractorservice.eng.br\/wp-content\/uploads\/2022\/02\/construction-worker-safety-2578410-768x512.jpg 768w, https:\/\/tractorservice.eng.br\/wp-content\/uploads\/2022\/02\/construction-worker-safety-2578410-600x400.jpg 600w\" sizes=\"(max-width: 1280px) 100vw, 1280px\" \/>\t\t\t\t\t\t\t\t\t\t\t\t\t\t\t<\/p>\n<h4>Nossos Servi\u00e7os<\/h4>\n<link rel=\"stylesheet\" href=\"https:\/\/tractorservice.eng.br\/wp-content\/plugins\/elementor\/assets\/css\/widget-icon-box.min.css\">\n<h3>\n\t\t\t\t\t\tHidr\u00e1ulica<br \/>\t<br \/>\n\t\t\t\t<\/h3>\n<p>\n\t\t\t\t\t\tProjetos, manuten\u00e7\u00e3o e reparos\t\t\t\t\t<\/p>\n<h3>\n\t\t\t\t\t\tEl\u00e9trico<br \/>\n\t\t\t\t<\/h3>\n<p>\n\t\t\t\t\t\tProjetos e manuten\u00e7\u00e3o de sistemas el\u00e9tricos prediais e industriais\t\t\t\t\t<\/p>\n<h3>\n\t\t\t\t\t\tProjetos<br \/>\n\t\t\t\t<\/h3>\n<p>\n\t\t\t\t\t\tPain\u00e9is el\u00e9tricos, dimensionamento de rede el\u00e9trica predial e industrial, hidr\u00e1ulico e civil\t\t\t\t\t<\/p>\n<h3>\n\t\t\t\t\t\tManuten\u00e7\u00e3o<br \/>\n\t\t\t\t<\/h3>\n<p>\n\t\t\t\t\t\tReparos e corretivas\t\t\t\t\t<\/p>\n<h3>\n\t\t\t\t\t\tPintura<br \/>\n\t\t\t\t<\/h3>\n<p>\n\t\t\t\t\t\tPintura industrial e predial\t\t\t\t\t<\/p>\n<h3>\n\t\t\t\t\t\tObras<br \/>\n\t\t\t\t<\/h3>\n<p>\n\t\t\t\t\t\tEl\u00e9trica, hidr\u00e1ulica e civil\t\t\t\t\t<\/p>\n<h2>Procurando  projetos e servi\u00e7os de climatiza\u00e7\u00e3o ?<\/h2>\n<p><strong>Entre em contato conosco .<\/strong>&nbsp;<\/p>\n<p>\t\t\t<a href=\"http:\/\/tractorservice.eng.br\/index.php\/contact\/\" role=\"button\"><br \/>\n\t\t\t\t\t\tOr\u00e7amentos e cota\u00e7\u00f5es<br \/>\n\t\t\t\t\t<\/a><\/p>\n","protected":false},"excerpt":{"rendered":"<p>MANUTEN\u00c7\u00c3O PREDIAL Instala\u00e7\u00e3o, MANUTEN\u00c7\u00c3O e PROJETOS Manuten\u00e7\u00e3o Predial Preservar a vida \u00fatil da edifica\u00e7\u00e3o, garantindo a seguran\u00e7a das pessoas, \u00e9 [&hellip;]<\/p>\n","protected":false},"author":1,"featured_media":0,"parent":0,"menu_order":0,"comment_status":"closed","ping_status":"closed","template":"","meta":{"_uag_custom_page_level_css":"","_monsterinsights_skip_tracking":false,"_monsterinsights_sitenote_active":false,"_monsterinsights_sitenote_note":"","_monsterinsights_sitenote_category":0,"footnotes":"","_joinchat":[]},"aioseo_notices":[],"uagb_featured_image_src":{"full":false,"thumbnail":false,"medium":false,"medium_large":false,"large":false,"1536x1536":false,"2048x2048":false,"flash-square":false,"flash-big":false,"flash-grid":false},"uagb_author_info":{"display_name":"paulooneda","author_link":"https:\/\/tractorservice.eng.br\/index.php\/author\/paulooneda\/"},"uagb_comment_info":0,"uagb_excerpt":"MANUTEN\u00c7\u00c3O PREDIAL Instala\u00e7\u00e3o, MANUTEN\u00c7\u00c3O e PROJETOS Manuten\u00e7\u00e3o Predial Preservar a vida \u00fatil da edifica\u00e7\u00e3o, garantindo a seguran\u00e7a das pessoas, \u00e9 [&hellip;]","_links":{"self":[{"href":"https:\/\/tractorservice.eng.br\/index.php\/wp-json\/wp\/v2\/pages\/1165"}],"collection":[{"href":"https:\/\/tractorservice.eng.br\/index.php\/wp-json\/wp\/v2\/pages"}],"about":[{"href":"https:\/\/tractorservice.eng.br\/index.php\/wp-json\/wp\/v2\/types\/page"}],"author":[{"embeddable":true,"href":"https:\/\/tractorservice.eng.br\/index.php\/wp-json\/wp\/v2\/users\/1"}],"replies":[{"embeddable":true,"href":"https:\/\/tractorservice.eng.br\/index.php\/wp-json\/wp\/v2\/comments?post=1165"}],"version-history":[{"count":20,"href":"https:\/\/tractorservice.eng.br\/index.php\/wp-json\/wp\/v2\/pages\/1165\/revisions"}],"predecessor-version":[{"id":3270,"href":"https:\/\/tractorservice.eng.br\/index.php\/wp-json\/wp\/v2\/pages\/1165\/revisions\/3270"}],"wp:attachment":[{"href":"https:\/\/tractorservice.eng.br\/index.php\/wp-json\/wp\/v2\/media?parent=1165"}],"curies":[{"name":"wp","href":"https:\/\/api.w.org\/{rel}","templated":true}]}}