{"id":1176,"date":"2022-03-07T10:13:41","date_gmt":"2022-03-07T13:13:41","guid":{"rendered":"http:\/\/tractorservice.eng.br\/?page_id=1176"},"modified":"2023-05-04T18:07:37","modified_gmt":"2023-05-04T21:07:37","slug":"eficiencia-energetica","status":"publish","type":"page","link":"https:\/\/tractorservice.eng.br\/index.php\/eficiencia-energetica\/","title":{"rendered":"EFICI\u00caNCIA ENERG\u00c9TICA"},"content":{"rendered":"<style>\/*! elementor - v3.11.1 - 15-02-2023 *\/\n.elementor-heading-title{padding:0;margin:0;line-height:1}.elementor-widget-heading .elementor-heading-title[class*=elementor-size-]>a{color:inherit;font-size:inherit;line-height:inherit}.elementor-widget-heading .elementor-heading-title.elementor-size-small{font-size:15px}.elementor-widget-heading .elementor-heading-title.elementor-size-medium{font-size:19px}.elementor-widget-heading .elementor-heading-title.elementor-size-large{font-size:29px}.elementor-widget-heading .elementor-heading-title.elementor-size-xl{font-size:39px}.elementor-widget-heading .elementor-heading-title.elementor-size-xxl{font-size:59px}<\/style>\n<h4>EFICI\u00caNCIA ENERG\u00c9TICA<\/h4>\n<h5>Instala\u00e7\u00e3o, MANUTEN\u00c7\u00c3O e PROJETOS<\/h5>\n<h4>Sobre Efienci\u00eancia Energ\u00e9tica<\/h4>\n<p style=\"text-align: justify;\">Com o grande aumento das tarifas de energia el\u00e9trica, buscamos solu\u00e7\u00f5es para reduzir gastos e ainda ter maior controle sobre equipamentos, melhorando o uso das fontes de energia.<\/p>\n<p>\t\t\t<a href=\"http:\/\/tractorservice.eng.br\/index.php\/contact\/\" role=\"button\"><br \/>\n\t\t\t\t\t\tSAIBA MAIS<br \/>\n\t\t\t\t\t<\/a><\/p>\n<style>\/*! elementor - v3.11.1 - 15-02-2023 *\/\n.elementor-widget-image{text-align:center}.elementor-widget-image a{display:inline-block}.elementor-widget-image a img[src$=\".svg\"]{width:48px}.elementor-widget-image img{vertical-align:middle;display:inline-block}<\/style>\n<p>\t\t\t\t\t\t\t\t\t\t\t\t<img decoding=\"async\" width=\"1209\" height=\"1280\" src=\"http:\/\/tractorservice.eng.br\/wp-content\/uploads\/2022\/02\/energy-efficiency-energy-label-bars-5974213.jpg\" alt=\"energy efficiency, energy label, bars-5974213.jpg\" loading=\"lazy\" srcset=\"https:\/\/tractorservice.eng.br\/wp-content\/uploads\/2022\/02\/energy-efficiency-energy-label-bars-5974213.jpg 1209w, https:\/\/tractorservice.eng.br\/wp-content\/uploads\/2022\/02\/energy-efficiency-energy-label-bars-5974213-283x300.jpg 283w, https:\/\/tractorservice.eng.br\/wp-content\/uploads\/2022\/02\/energy-efficiency-energy-label-bars-5974213-967x1024.jpg 967w, https:\/\/tractorservice.eng.br\/wp-content\/uploads\/2022\/02\/energy-efficiency-energy-label-bars-5974213-768x813.jpg 768w\" sizes=\"(max-width: 1209px) 100vw, 1209px\" \/>\t\t\t\t\t\t\t\t\t\t\t\t\t\t\t<\/p>\n<h4>Nossos Servi\u00e7os<\/h4>\n<link rel=\"stylesheet\" href=\"https:\/\/tractorservice.eng.br\/wp-content\/plugins\/elementor\/assets\/css\/widget-icon-box.min.css\">\n<h3>\n\t\t\t\t\t\tInstala\u00e7\u00e3o<br \/>\n\t\t\t\t<\/h3>\n<p>\n\t\t\t\t\t\tBanco de capacitores, quadro el\u00e9tricos, ilumina\u00e7\u00e3o, circuitos e sistemas el\u00e9tricos\t\t\t\t\t<\/p>\n<h3>\n\t\t\t\t\t\tAn\u00e1lise de Carga<br \/>\n\t\t\t\t<\/h3>\n<p>\n\t\t\t\t\t\tLevantamento de cargas resistivas indutivas e reativas\t\t\t\t\t<\/p>\n<h3>\n\t\t\t\t\t\tProjetos<br \/>\n\t\t\t\t<\/h3>\n<p>\n\t\t\t\t\t\tBanco de capacitores, quadro el\u00e9tricos, dimensionamento e c\u00e1lculos\t\t\t\t\t<\/p>\n<h3>\n\t\t\t\t\t\tManuten\u00e7\u00e3o<br \/>\n\t\t\t\t<\/h3>\n<p>\n\t\t\t\t\t\tCorretiva, preditiva, preventiva de sistemas<br \/>\n el\u00e9tricos com emiss\u00e3o de ART CREA\t\t\t\t\t<\/p>\n<h3>\n\t\t\t\t\t\tCircuitos<br \/>\n\t\t\t\t<\/h3>\n<p>\n\t\t\t\t\t\tBalanceamento de circuitos, passagem de cabos e  montagem de quadros\t\t\t\t\t<\/p>\n<h3>\n\t\t\t\t\t\tIlumina\u00e7\u00e3o<br \/>\n\t\t\t\t<\/h3>\n<p>\n\t\t\t\t\t\tAdequa\u00e7\u00e3o de ilumina\u00e7\u00e3o em ambientes de trabalho segundo NBR 8995 e implementa\u00e7\u00e3o de l\u00e2mpadas Led\t\t\t\t\t<\/p>\n<h2>Procurando  projetos e servi\u00e7os para efici\u00eancia energ\u00e9tica ?<\/h2>\n<p><strong>Entre em contato conosco .<\/strong>&nbsp;<\/p>\n<p>\t\t\t<a href=\"http:\/\/tractorservice.eng.br\/index.php\/contact\/\" role=\"button\"><br \/>\n\t\t\t\t\t\tOr\u00e7amentos e cota\u00e7\u00f5es<br \/>\n\t\t\t\t\t<\/a><\/p>\n","protected":false},"excerpt":{"rendered":"<p>EFICI\u00caNCIA ENERG\u00c9TICA Instala\u00e7\u00e3o, MANUTEN\u00c7\u00c3O e PROJETOS Sobre Efienci\u00eancia Energ\u00e9tica Com o grande aumento das tarifas de energia el\u00e9trica, buscamos solu\u00e7\u00f5es [&hellip;]<\/p>\n","protected":false},"author":1,"featured_media":0,"parent":0,"menu_order":0,"comment_status":"closed","ping_status":"closed","template":"","meta":{"_uag_custom_page_level_css":"","_monsterinsights_skip_tracking":false,"_monsterinsights_sitenote_active":false,"_monsterinsights_sitenote_note":"","_monsterinsights_sitenote_category":0,"footnotes":"","_joinchat":[]},"aioseo_notices":[],"uagb_featured_image_src":{"full":false,"thumbnail":false,"medium":false,"medium_large":false,"large":false,"1536x1536":false,"2048x2048":false,"flash-square":false,"flash-big":false,"flash-grid":false},"uagb_author_info":{"display_name":"paulooneda","author_link":"https:\/\/tractorservice.eng.br\/index.php\/author\/paulooneda\/"},"uagb_comment_info":0,"uagb_excerpt":"EFICI\u00caNCIA ENERG\u00c9TICA Instala\u00e7\u00e3o, MANUTEN\u00c7\u00c3O e PROJETOS Sobre Efienci\u00eancia Energ\u00e9tica Com o grande aumento das tarifas de energia el\u00e9trica, buscamos solu\u00e7\u00f5es [&hellip;]","_links":{"self":[{"href":"https:\/\/tractorservice.eng.br\/index.php\/wp-json\/wp\/v2\/pages\/1176"}],"collection":[{"href":"https:\/\/tractorservice.eng.br\/index.php\/wp-json\/wp\/v2\/pages"}],"about":[{"href":"https:\/\/tractorservice.eng.br\/index.php\/wp-json\/wp\/v2\/types\/page"}],"author":[{"embeddable":true,"href":"https:\/\/tractorservice.eng.br\/index.php\/wp-json\/wp\/v2\/users\/1"}],"replies":[{"embeddable":true,"href":"https:\/\/tractorservice.eng.br\/index.php\/wp-json\/wp\/v2\/comments?post=1176"}],"version-history":[{"count":58,"href":"https:\/\/tractorservice.eng.br\/index.php\/wp-json\/wp\/v2\/pages\/1176\/revisions"}],"predecessor-version":[{"id":3264,"href":"https:\/\/tractorservice.eng.br\/index.php\/wp-json\/wp\/v2\/pages\/1176\/revisions\/3264"}],"wp:attachment":[{"href":"https:\/\/tractorservice.eng.br\/index.php\/wp-json\/wp\/v2\/media?parent=1176"}],"curies":[{"name":"wp","href":"https:\/\/api.w.org\/{rel}","templated":true}]}}