{"id":1629,"date":"2022-03-24T15:24:05","date_gmt":"2022-03-24T18:24:05","guid":{"rendered":"http:\/\/tractorservice.eng.br\/?page_id=1629"},"modified":"2023-05-04T18:31:26","modified_gmt":"2023-05-04T21:31:26","slug":"obras","status":"publish","type":"page","link":"https:\/\/tractorservice.eng.br\/index.php\/obras\/","title":{"rendered":"Obras"},"content":{"rendered":"<style>\/*! elementor - v3.11.1 - 15-02-2023 *\/\n.elementor-heading-title{padding:0;margin:0;line-height:1}.elementor-widget-heading .elementor-heading-title[class*=elementor-size-]>a{color:inherit;font-size:inherit;line-height:inherit}.elementor-widget-heading .elementor-heading-title.elementor-size-small{font-size:15px}.elementor-widget-heading .elementor-heading-title.elementor-size-medium{font-size:19px}.elementor-widget-heading .elementor-heading-title.elementor-size-large{font-size:29px}.elementor-widget-heading .elementor-heading-title.elementor-size-xl{font-size:39px}.elementor-widget-heading .elementor-heading-title.elementor-size-xxl{font-size:59px}<\/style>\n<h4>Climatiza\u00e7\u00e3o<\/h4>\n<style>\/*! elementor - v3.11.1 - 15-02-2023 *\/\n.elementor-widget-image-carousel .swiper,.elementor-widget-image-carousel .swiper-container{position:static}.elementor-widget-image-carousel .swiper-container .swiper-slide figure,.elementor-widget-image-carousel .swiper .swiper-slide figure{line-height:inherit}.elementor-widget-image-carousel .swiper-slide{text-align:center}.elementor-image-carousel-wrapper:not(.swiper-container-initialized) .swiper-slide,.elementor-image-carousel-wrapper:not(.swiper-initialized) .swiper-slide{max-width:calc(100% \/ var(--e-image-carousel-slides-to-show, 3))}<\/style>\n<figure><img decoding=\"async\" src=\"http:\/\/tractorservice.eng.br\/wp-content\/uploads\/2022\/04\/WhatsApp-Image-2022-03-28-at-16.13.07-1-370x270.jpeg\" alt=\"climatiza\u00e7\u00e3o\" \/><\/figure>\n<figure><img decoding=\"async\" src=\"http:\/\/tractorservice.eng.br\/wp-content\/uploads\/2022\/04\/WhatsApp-Image-2022-03-28-at-16.13.08-370x270.jpeg\" alt=\"climatiza\u00e7\u00e3o\" \/><\/figure>\n<figure><img decoding=\"async\" src=\"http:\/\/tractorservice.eng.br\/wp-content\/uploads\/2022\/04\/WhatsApp-Image-2022-03-28-at-16.13.07-e1648820760947-370x270.jpg\" alt=\"climatiza\u00e7\u00e3o\" \/><\/figure>\n<figure><img decoding=\"async\" src=\"http:\/\/tractorservice.eng.br\/wp-content\/uploads\/2022\/04\/editadaconteiner-1-370x270.jpg\" alt=\"climatiza\u00e7\u00e3o\" \/><\/figure>\n<h2>Instala\u00e7\u00e3o Thermal<\/h2>\n<p style=\"text-align: justify;\">Instala\u00e7\u00e3o de equipamento de ar condicionado de precis\u00e3o, com execu\u00e7\u00e3o de infra estrutura, passagem de tubula\u00e7\u00e3o frigorigena e cabeamento el\u00e9trico, processos de brasagem, testes de estanqueidade, processo de v\u00e1cuo e startup com fabricante.<\/p>\n<figure><img decoding=\"async\" src=\"http:\/\/tractorservice.eng.br\/wp-content\/uploads\/2022\/04\/WhatsApp-Image-2022-03-28-at-16.33.46-1-e1648823122444-370x270.jpeg\" alt=\"instala\u00e7\u00f5es\" \/><\/figure>\n<figure><img decoding=\"async\" src=\"http:\/\/tractorservice.eng.br\/wp-content\/uploads\/2022\/04\/WhatsApp-Image-2022-03-28-at-16.34.39-2-e1648823099604-370x270.jpeg\" alt=\"instala\u00e7\u00f5es\" \/><\/figure>\n<figure><img decoding=\"async\" src=\"http:\/\/tractorservice.eng.br\/wp-content\/uploads\/2022\/04\/WhatsApp-Image-2022-03-28-at-16.35.13-1-e1648823064911-370x270.jpeg\" alt=\"instala\u00e7\u00f5es\" \/><\/figure>\n<figure><img decoding=\"async\" src=\"http:\/\/tractorservice.eng.br\/wp-content\/uploads\/2022\/04\/WhatsApp-Image-2022-04-01-at-10.56.10-e1648822922470-370x270.jpeg\" alt=\"instala\u00e7\u00f5es\" \/><\/figure>\n<h2>Instala\u00e7\u00e3o Thermal<\/h2>\n<p style=\"text-align: justify;\">Instala\u00e7\u00e3o de equipamento de ar condicionado de precis\u00e3o, com execu\u00e7\u00e3o de infra estrutura, passagem de tubula\u00e7\u00e3o frigorigena e cabeamento el\u00e9trico, processos de brasagem, testes de estanqueidade, processo de v\u00e1cuo e startup com fabricante.<\/p>\n<p>http:\/\/tractorservice.eng.br\/wp-content\/uploads\/2022\/04\/WhatsApp-Video-2022-03-28-at-18.14.08-1.mp4\t\t<\/p>\n<h2>Boas Pr\u00e1ticas<\/h2>\n<p style=\"text-align: justify;\">                 Processo de recolhimento de g\u00e1s<\/p>\n<h4>Climatiza\u00e7\u00e3o<\/h4>\n<figure><img decoding=\"async\" src=\"http:\/\/tractorservice.eng.br\/wp-content\/uploads\/2022\/04\/WhatsApp-Image-2022-03-28-at-19.57.41-1-370x270.jpeg\" alt=\"ar condicionado\" \/><\/figure>\n<figure><img decoding=\"async\" src=\"http:\/\/tractorservice.eng.br\/wp-content\/uploads\/2022\/04\/WhatsApp-Image-2022-03-28-at-19.57.41-2-370x270.jpeg\" alt=\"ar condicionado\" \/><\/figure>\n<figure><img decoding=\"async\" src=\"http:\/\/tractorservice.eng.br\/wp-content\/uploads\/2022\/04\/WhatsApp-Image-2022-03-28-at-19.57.42-1-370x270.jpeg\" alt=\"ar condicionado\" \/><\/figure>\n<figure><img decoding=\"async\" src=\"http:\/\/tractorservice.eng.br\/wp-content\/uploads\/2022\/04\/WhatsApp-Image-2022-03-28-at-19.57.42-2-370x270.jpeg\" alt=\"ar condicionado\" \/><\/figure>\n<h2>Instala\u00e7\u00e3o Conforto<\/h2>\n<p style=\"text-align: justify;\">Instala\u00e7\u00e3o de equipamento de ar condicionado de conforto, com execu\u00e7\u00e3o de infra estrutura, passagem de tubula\u00e7\u00e3o frigorigena e cabeamento el\u00e9trico, processos de brasagem, testes de estanqueidade, processo de v\u00e1cuo e startup.<\/p>\n<figure><img decoding=\"async\" src=\"http:\/\/tractorservice.eng.br\/wp-content\/uploads\/2022\/04\/WhatsApp-Image-2022-04-01-at-14.37.09-370x270.jpeg\" alt=\"conforto\" \/><\/figure>\n<figure><img decoding=\"async\" src=\"http:\/\/tractorservice.eng.br\/wp-content\/uploads\/2022\/04\/WhatsApp-Image-2022-04-01-at-14.37.08-3-370x270.jpeg\" alt=\"conforto\" \/><\/figure>\n<figure><img decoding=\"async\" src=\"http:\/\/tractorservice.eng.br\/wp-content\/uploads\/2022\/04\/WhatsApp-Image-2022-04-01-at-14.37.08-2-370x270.jpeg\" alt=\"conforto\" \/><\/figure>\n<figure><img decoding=\"async\" src=\"http:\/\/tractorservice.eng.br\/wp-content\/uploads\/2022\/04\/WhatsApp-Image-2022-04-01-at-14.37.08-1-370x270.jpeg\" alt=\"conforto\" \/><\/figure>\n<figure><img decoding=\"async\" src=\"http:\/\/tractorservice.eng.br\/wp-content\/uploads\/2022\/04\/WhatsApp-Image-2022-04-01-at-14.37.08-370x270.jpeg\" alt=\"conforto\" \/><\/figure>\n<h2>Instala\u00e7\u00e3o Conforto<\/h2>\n<p style=\"text-align: justify;\">Instala\u00e7\u00e3o de equipamento de ar condicionado de conforto, com execu\u00e7\u00e3o de infra estrutura, passagem de tubula\u00e7\u00e3o frigorigena e cabeamento el\u00e9trico, processos de brasagem, testes de estanqueidade, processo de v\u00e1cuo e startup.<\/p>\n<p>http:\/\/tractorservice.eng.br\/wp-content\/uploads\/2022\/04\/WhatsApp-Video-2022-03-28-at-18.52.41.mp4\t\t<\/p>\n<h2>Boas Pr\u00e1ticas<\/h2>\n<p style=\"text-align: justify;\">                 Processo de recolhimento de g\u00e1s<\/p>\n<h4>Climatiza\u00e7\u00e3o<\/h4>\n<figure><img decoding=\"async\" src=\"http:\/\/tractorservice.eng.br\/wp-content\/uploads\/2022\/04\/WhatsApp-Image-2022-04-01-at-15.03.43-370x270.jpeg\" alt=\"WhatsApp Image 2022-04-01 at 15.03.43\" \/><\/figure>\n<figure><img decoding=\"async\" src=\"http:\/\/tractorservice.eng.br\/wp-content\/uploads\/2022\/04\/WhatsApp-Image-2022-04-01-at-15.03.43-1-370x270.jpeg\" alt=\"WhatsApp Image 2022-04-01 at 15.03.43 (1)\" \/><\/figure>\n<figure><img decoding=\"async\" src=\"http:\/\/tractorservice.eng.br\/wp-content\/uploads\/2022\/04\/WhatsApp-Image-2022-04-01-at-15.03.43-2-370x270.jpeg\" alt=\"WhatsApp Image 2022-04-01 at 15.03.43 (2)\" \/><\/figure>\n<h2>Manuten\u00e7\u00e3o Preventiva<\/h2>\n<p style=\"text-align: justify;\">Manuten\u00e7\u00e3o preventiva, preditiva e corretiva em sistemas de climatiza\u00e7\u00e3o de precis\u00e3o, voltados a ambientes cr\u00edticos, salas t\u00e9cnicas, e data center.<\/p>\n<figure><img decoding=\"async\" src=\"http:\/\/tractorservice.eng.br\/wp-content\/uploads\/2022\/04\/WhatsApp-Image-2022-04-01-at-15.06.47-1-370x270.jpeg\" alt=\"WhatsApp Image 2022-04-01 at 15.06.47 (1)\" \/><\/figure>\n<figure><img decoding=\"async\" src=\"http:\/\/tractorservice.eng.br\/wp-content\/uploads\/2022\/04\/WhatsApp-Image-2022-04-01-at-15.06.47-370x270.jpeg\" alt=\"WhatsApp Image 2022-04-01 at 15.06.47\" \/><\/figure>\n<figure><img decoding=\"async\" src=\"http:\/\/tractorservice.eng.br\/wp-content\/uploads\/2022\/04\/WhatsApp-Image-2022-04-01-at-15.05.05-1-370x270.jpeg\" alt=\"WhatsApp Image 2022-04-01 at 15.05.05 (1)\" \/><\/figure>\n<figure><img decoding=\"async\" src=\"http:\/\/tractorservice.eng.br\/wp-content\/uploads\/2022\/04\/WhatsApp-Image-2022-04-01-at-15.05.05-370x270.jpeg\" alt=\"WhatsApp Image 2022-04-01 at 15.05.05\" \/><\/figure>\n<h2>Manuten\u00e7\u00e3o Preventiva<\/h2>\n<p style=\"text-align: justify;\">Manuten\u00e7\u00e3o preventiva, preditiva e corretiva em sistemas de climatiza\u00e7\u00e3o de precis\u00e3o, voltados a ambientes cr\u00edticos, salas t\u00e9cnicas, e data center.<\/p>\n<figure><img decoding=\"async\" src=\"http:\/\/tractorservice.eng.br\/wp-content\/uploads\/2022\/04\/WhatsApp-Image-2022-04-01-at-15.27.21-3-370x270.jpeg\" alt=\"WhatsApp Image 2022-04-01 at 15.27.21 (3)\" \/><\/figure>\n<figure><img decoding=\"async\" src=\"http:\/\/tractorservice.eng.br\/wp-content\/uploads\/2022\/04\/WhatsApp-Image-2022-04-01-at-15.27.20-370x270.jpeg\" alt=\"WhatsApp Image 2022-04-01 at 15.27.20\" \/><\/figure>\n<figure><img decoding=\"async\" src=\"http:\/\/tractorservice.eng.br\/wp-content\/uploads\/2022\/04\/WhatsApp-Image-2022-04-01-at-15.27.21-2-370x270.jpeg\" alt=\"WhatsApp Image 2022-04-01 at 15.27.21 (2)\" \/><\/figure>\n<figure><img decoding=\"async\" src=\"http:\/\/tractorservice.eng.br\/wp-content\/uploads\/2022\/04\/WhatsApp-Image-2022-04-01-at-15.27.21-1-370x270.jpeg\" alt=\"WhatsApp Image 2022-04-01 at 15.27.21 (1)\" \/><\/figure>\n<figure><img decoding=\"async\" src=\"http:\/\/tractorservice.eng.br\/wp-content\/uploads\/2022\/04\/WhatsApp-Image-2022-04-01-at-15.27.21-370x270.jpeg\" alt=\"WhatsApp Image 2022-04-01 at 15.27.21\" \/><\/figure>\n<figure><img decoding=\"async\" src=\"http:\/\/tractorservice.eng.br\/wp-content\/uploads\/2022\/04\/WhatsApp-Image-2022-04-01-at-15.27.22-3-370x270.jpeg\" alt=\"WhatsApp Image 2022-04-01 at 15.27.22 (3)\" \/><\/figure>\n<figure><img decoding=\"async\" src=\"http:\/\/tractorservice.eng.br\/wp-content\/uploads\/2022\/04\/WhatsApp-Image-2022-04-01-at-15.27.22-2-370x270.jpeg\" alt=\"WhatsApp Image 2022-04-01 at 15.27.22 (2)\" \/><\/figure>\n<figure><img decoding=\"async\" src=\"http:\/\/tractorservice.eng.br\/wp-content\/uploads\/2022\/04\/WhatsApp-Image-2022-04-01-at-15.27.22-1-370x270.jpeg\" alt=\"WhatsApp Image 2022-04-01 at 15.27.22 (1)\" \/><\/figure>\n<figure><img decoding=\"async\" src=\"http:\/\/tractorservice.eng.br\/wp-content\/uploads\/2022\/04\/WhatsApp-Image-2022-04-01-at-15.27.22-370x270.jpeg\" alt=\"WhatsApp Image 2022-04-01 at 15.27.22\" \/><\/figure>\n<h2>Boas Pr\u00e1ticas e Seguran\u00e7a<\/h2>\n<p style=\"text-align: justify;\">Todo trabalho realizado com pessoal capacitado, seguindo as normas de seguran\u00e7a em todas as atividades executadas<\/p>\n<h4>Sistemas de Energia<\/h4>\n<figure><img decoding=\"async\" src=\"http:\/\/tractorservice.eng.br\/wp-content\/uploads\/2022\/04\/WhatsApp-Image-2022-04-01-at-15.23.57-1-370x270.jpeg\" alt=\"WhatsApp Image 2022-04-01 at 15.23.57 (1)\" \/><\/figure>\n<figure><img decoding=\"async\" src=\"http:\/\/tractorservice.eng.br\/wp-content\/uploads\/2022\/04\/WhatsApp-Image-2022-04-01-at-15.23.57-370x270.jpeg\" alt=\"WhatsApp Image 2022-04-01 at 15.23.57\" \/><\/figure>\n<figure><img decoding=\"async\" src=\"http:\/\/tractorservice.eng.br\/wp-content\/uploads\/2022\/04\/WhatsApp-Image-2022-04-01-at-15.23.58-2-370x270.jpeg\" alt=\"WhatsApp Image 2022-04-01 at 15.23.58 (2)\" \/><\/figure>\n<figure><img decoding=\"async\" src=\"http:\/\/tractorservice.eng.br\/wp-content\/uploads\/2022\/04\/WhatsApp-Image-2022-04-01-at-15.23.58-1-370x270.jpeg\" alt=\"WhatsApp Image 2022-04-01 at 15.23.58 (1)\" \/><\/figure>\n<figure><img decoding=\"async\" src=\"http:\/\/tractorservice.eng.br\/wp-content\/uploads\/2022\/04\/WhatsApp-Image-2022-04-01-at-15.23.58-370x270.jpeg\" alt=\"WhatsApp Image 2022-04-01 at 15.23.58\" \/><\/figure>\n<h2>Manuten\u00e7\u00e3o Nobreak<\/h2>\n<p style=\"text-align: justify;\">Manuten\u00e7\u00e3o preventiva, preditiva e corretiva, visando maior seguran\u00e7a a carga do cliente<\/p>\n<figure><img decoding=\"async\" src=\"http:\/\/tractorservice.eng.br\/wp-content\/uploads\/2022\/04\/WhatsApp-Image-2022-04-01-at-15.25.13-2-370x270.jpeg\" alt=\"WhatsApp Image 2022-04-01 at 15.25.13 (2)\" \/><\/figure>\n<figure><img decoding=\"async\" src=\"http:\/\/tractorservice.eng.br\/wp-content\/uploads\/2022\/04\/WhatsApp-Image-2022-04-01-at-15.25.13-1-370x270.jpeg\" alt=\"WhatsApp Image 2022-04-01 at 15.25.13 (1)\" \/><\/figure>\n<figure><img decoding=\"async\" src=\"http:\/\/tractorservice.eng.br\/wp-content\/uploads\/2022\/04\/WhatsApp-Image-2022-04-01-at-15.25.13-370x270.jpeg\" alt=\"WhatsApp Image 2022-04-01 at 15.25.13\" \/><\/figure>\n<figure><img decoding=\"async\" src=\"http:\/\/tractorservice.eng.br\/wp-content\/uploads\/2022\/04\/WhatsApp-Image-2022-04-01-at-15.25.14-5-370x270.jpeg\" alt=\"WhatsApp Image 2022-04-01 at 15.25.14 (5)\" \/><\/figure>\n<figure><img decoding=\"async\" src=\"http:\/\/tractorservice.eng.br\/wp-content\/uploads\/2022\/04\/WhatsApp-Image-2022-04-01-at-15.25.14-4-370x270.jpeg\" alt=\"WhatsApp Image 2022-04-01 at 15.25.14 (4)\" \/><\/figure>\n<figure><img decoding=\"async\" src=\"http:\/\/tractorservice.eng.br\/wp-content\/uploads\/2022\/04\/WhatsApp-Image-2022-04-01-at-15.25.14-3-370x270.jpeg\" alt=\"WhatsApp Image 2022-04-01 at 15.25.14 (3)\" \/><\/figure>\n<figure><img decoding=\"async\" src=\"http:\/\/tractorservice.eng.br\/wp-content\/uploads\/2022\/04\/WhatsApp-Image-2022-04-01-at-15.25.14-2-370x270.jpeg\" alt=\"WhatsApp Image 2022-04-01 at 15.25.14 (2)\" \/><\/figure>\n<figure><img decoding=\"async\" src=\"http:\/\/tractorservice.eng.br\/wp-content\/uploads\/2022\/04\/WhatsApp-Image-2022-04-01-at-15.25.14-1-370x270.jpeg\" alt=\"WhatsApp Image 2022-04-01 at 15.25.14 (1)\" \/><\/figure>\n<figure><img decoding=\"async\" src=\"http:\/\/tractorservice.eng.br\/wp-content\/uploads\/2022\/04\/WhatsApp-Image-2022-04-01-at-15.25.14-370x270.jpeg\" alt=\"WhatsApp Image 2022-04-01 at 15.25.14\" \/><\/figure>\n<figure><img decoding=\"async\" src=\"http:\/\/tractorservice.eng.br\/wp-content\/uploads\/2022\/04\/WhatsApp-Image-2022-04-01-at-15.25.15-370x270.jpeg\" alt=\"WhatsApp Image 2022-04-01 at 15.25.15\" \/><\/figure>\n<h2>Preventiva<\/h2>\n<p style=\"text-align: justify;\">Execu\u00e7\u00e3o de analise do equipamento com limpeza interna e externa, verifica\u00e7\u00e3o de vida \u00fatil componentes<\/p>\n<p>http:\/\/tractorservice.eng.br\/wp-content\/uploads\/2022\/04\/WhatsApp-Video-2022-04-01-at-15.19.15.mp4\t\t<\/p>\n<h2>Substitui\u00e7\u00e3o de M\u00f3dulos de Baterias<\/h2>\n<p style=\"text-align: justify;\">Retirada de m\u00f3dulos de bancos de baterias, troca de c\u00e9lulas e reaperto de componentes<\/p>\n<h4>Sistema de Energia<\/h4>\n<figure><img decoding=\"async\" src=\"http:\/\/tractorservice.eng.br\/wp-content\/uploads\/2022\/04\/WhatsApp-Image-2022-03-28-at-16.56.18-1-370x270.jpeg\" alt=\"WhatsApp Image 2022-03-28 at 16.56.18 (1)\" \/><\/figure>\n<figure><img decoding=\"async\" src=\"http:\/\/tractorservice.eng.br\/wp-content\/uploads\/2022\/04\/WhatsApp-Image-2022-03-28-at-16.56.19-370x270.jpeg\" alt=\"WhatsApp Image 2022-03-28 at 16.56.19\" \/><\/figure>\n<figure><img decoding=\"async\" src=\"http:\/\/tractorservice.eng.br\/wp-content\/uploads\/2022\/04\/WhatsApp-Image-2022-03-28-at-16.56.18-370x270.jpeg\" alt=\"WhatsApp Image 2022-03-28 at 16.56.18\" \/><\/figure>\n<figure><img decoding=\"async\" src=\"http:\/\/tractorservice.eng.br\/wp-content\/uploads\/2022\/04\/WhatsApp-Image-2022-03-28-at-16.54.59-370x270.jpeg\" alt=\"WhatsApp Image 2022-03-28 at 16.54.59\" \/><\/figure>\n<h2>Troca de Bancos de Baterias<\/h2>\n<p style=\"text-align: justify;\">Substitui\u00e7\u00e3o de banco de baterias, tipo rack, estante, com reaperto de conectores, troca de terminais e cabos<\/p>\n<figure><img decoding=\"async\" src=\"http:\/\/tractorservice.eng.br\/wp-content\/uploads\/2022\/04\/WhatsApp-Image-2022-04-01-at-11.42.29-370x270.jpeg\" alt=\"WhatsApp Image 2022-04-01 at 11.42.29\" \/><\/figure>\n<figure><img decoding=\"async\" src=\"http:\/\/tractorservice.eng.br\/wp-content\/uploads\/2022\/04\/WhatsApp-Image-2022-04-01-at-11.42.20-370x270.jpeg\" alt=\"WhatsApp Image 2022-04-01 at 11.42.20\" \/><\/figure>\n<figure><img decoding=\"async\" src=\"http:\/\/tractorservice.eng.br\/wp-content\/uploads\/2022\/04\/WhatsApp-Image-2022-04-01-at-11.36.06-370x270.jpeg\" alt=\"WhatsApp Image 2022-04-01 at 11.36.06\" \/><\/figure>\n<figure><img decoding=\"async\" src=\"http:\/\/tractorservice.eng.br\/wp-content\/uploads\/2022\/04\/WhatsApp-Image-2022-03-31-at-10.01.55-370x270.jpeg\" alt=\"WhatsApp Image 2022-03-31 at 10.01.55\" \/><\/figure>\n<figure><img decoding=\"async\" src=\"http:\/\/tractorservice.eng.br\/wp-content\/uploads\/2022\/04\/WhatsApp-Image-2022-03-31-at-10.02.01-370x270.jpeg\" alt=\"WhatsApp Image 2022-03-31 at 10.02.01\" \/><\/figure>\n<h2>Instala\u00e7\u00e3o de Banco de Baterias<\/h2>\n<p style=\"text-align: justify;\">Instala\u00e7\u00e3o de banco de baterias com montagem, transporte, reaperto e analise de banco<\/p>\n<p>http:\/\/tractorservice.eng.br\/wp-content\/uploads\/2022\/04\/WhatsApp-Video-2022-03-31-at-10.01.58.mp4\t\t<\/p>\n<h2>Boas Pr\u00e1ticas e Seguran\u00e7a<\/h2>\n<p style=\"text-align: justify;\">Execu\u00e7\u00e3o de servi\u00e7os e manobras com utiliza\u00e7\u00e3o de procedimentos de seguran\u00e7a, epis e profissionais capacitados e qualificados<\/p>\n<h4>Sistemas de Energia<\/h4>\n<figure><img decoding=\"async\" src=\"http:\/\/tractorservice.eng.br\/wp-content\/uploads\/2022\/04\/WhatsApp-Image-2022-04-01-at-14.46.39-370x270.jpeg\" alt=\"WhatsApp Image 2022-04-01 at 14.46.39\" \/><\/figure>\n<figure><img decoding=\"async\" src=\"http:\/\/tractorservice.eng.br\/wp-content\/uploads\/2022\/04\/WhatsApp-Image-2022-04-01-at-14.46.40-370x270.jpeg\" alt=\"WhatsApp Image 2022-04-01 at 14.46.40\" \/><\/figure>\n<figure><img decoding=\"async\" src=\"http:\/\/tractorservice.eng.br\/wp-content\/uploads\/2022\/04\/WhatsApp-Image-2022-04-01-at-14.46.41-370x270.jpeg\" alt=\"WhatsApp Image 2022-04-01 at 14.46.41\" \/><\/figure>\n<figure><img decoding=\"async\" src=\"http:\/\/tractorservice.eng.br\/wp-content\/uploads\/2022\/04\/WhatsApp-Image-2022-04-01-at-14.46.42-1-370x270.jpeg\" alt=\"WhatsApp Image 2022-04-01 at 14.46.42 (1)\" \/><\/figure>\n<figure><img decoding=\"async\" src=\"http:\/\/tractorservice.eng.br\/wp-content\/uploads\/2022\/04\/WhatsApp-Image-2022-04-01-at-14.46.42-370x270.jpeg\" alt=\"WhatsApp Image 2022-04-01 at 14.46.42\" \/><\/figure>\n<figure><img decoding=\"async\" src=\"http:\/\/tractorservice.eng.br\/wp-content\/uploads\/2022\/04\/WhatsApp-Image-2022-04-01-at-14.46.43-370x270.jpeg\" alt=\"WhatsApp Image 2022-04-01 at 14.46.43\" \/><\/figure>\n<figure><img decoding=\"async\" src=\"http:\/\/tractorservice.eng.br\/wp-content\/uploads\/2022\/04\/WhatsApp-Image-2022-04-01-at-14.46.44-370x270.jpeg\" alt=\"WhatsApp Image 2022-04-01 at 14.46.44\" \/><\/figure>\n<h2>SPDA<\/h2>\n<p style=\"text-align: justify;\">Sistemas de prote\u00e7\u00e3o contra descargas atmosf\u00e9ricas.<\/p>\n<figure><img decoding=\"async\" src=\"http:\/\/tractorservice.eng.br\/wp-content\/uploads\/2022\/04\/WhatsApp-Image-2022-04-01-at-14.47.44-1-370x270.jpeg\" alt=\"WhatsApp Image 2022-04-01 at 14.47.44 (1)\" \/><\/figure>\n<figure><img decoding=\"async\" src=\"http:\/\/tractorservice.eng.br\/wp-content\/uploads\/2022\/04\/WhatsApp-Image-2022-04-01-at-14.47.44-370x270.jpeg\" alt=\"WhatsApp Image 2022-04-01 at 14.47.44\" \/><\/figure>\n<figure><img decoding=\"async\" src=\"http:\/\/tractorservice.eng.br\/wp-content\/uploads\/2022\/04\/WhatsApp-Image-2022-04-01-at-14.47.45-370x270.jpeg\" alt=\"WhatsApp Image 2022-04-01 at 14.47.45\" \/><\/figure>\n<figure><img decoding=\"async\" src=\"http:\/\/tractorservice.eng.br\/wp-content\/uploads\/2022\/04\/WhatsApp-Image-2022-04-01-at-14.47.46-1-370x270.jpeg\" alt=\"WhatsApp Image 2022-04-01 at 14.47.46 (1)\" \/><\/figure>\n<figure><img decoding=\"async\" src=\"http:\/\/tractorservice.eng.br\/wp-content\/uploads\/2022\/04\/WhatsApp-Image-2022-04-01-at-14.47.46-370x270.jpeg\" alt=\"WhatsApp Image 2022-04-01 at 14.47.46\" \/><\/figure>\n<h2>Projetos<\/h2>\n<p style=\"text-align: justify;\">Projetos de dimensionamento, instala\u00e7\u00e3o e execu\u00e7\u00e3o de sistemas SPDA<\/p>\n<figure><img decoding=\"async\" src=\"http:\/\/tractorservice.eng.br\/wp-content\/uploads\/2022\/04\/WhatsApp-Image-2022-04-01-at-15.38.02-1-370x270.jpeg\" alt=\"WhatsApp Image 2022-04-01 at 15.38.02 (1)\" \/><\/figure>\n<figure><img decoding=\"async\" src=\"http:\/\/tractorservice.eng.br\/wp-content\/uploads\/2022\/04\/WhatsApp-Image-2022-04-01-at-15.38.02-370x270.jpeg\" alt=\"WhatsApp Image 2022-04-01 at 15.38.02\" \/><\/figure>\n<figure><img decoding=\"async\" src=\"http:\/\/tractorservice.eng.br\/wp-content\/uploads\/2022\/04\/WhatsApp-Image-2022-04-01-at-15.38.03-4-370x270.jpeg\" alt=\"WhatsApp Image 2022-04-01 at 15.38.03 (4)\" \/><\/figure>\n<figure><img decoding=\"async\" src=\"http:\/\/tractorservice.eng.br\/wp-content\/uploads\/2022\/04\/WhatsApp-Image-2022-04-01-at-15.38.03-3-370x270.jpeg\" alt=\"WhatsApp Image 2022-04-01 at 15.38.03 (3)\" \/><\/figure>\n<figure><img decoding=\"async\" src=\"http:\/\/tractorservice.eng.br\/wp-content\/uploads\/2022\/04\/WhatsApp-Image-2022-04-01-at-15.38.03-2-370x270.jpeg\" alt=\"WhatsApp Image 2022-04-01 at 15.38.03 (2)\" \/><\/figure>\n<figure><img decoding=\"async\" src=\"http:\/\/tractorservice.eng.br\/wp-content\/uploads\/2022\/04\/WhatsApp-Image-2022-04-01-at-15.38.03-1-370x270.jpeg\" alt=\"WhatsApp Image 2022-04-01 at 15.38.03 (1)\" \/><\/figure>\n<figure><img decoding=\"async\" src=\"http:\/\/tractorservice.eng.br\/wp-content\/uploads\/2022\/04\/WhatsApp-Image-2022-04-01-at-15.38.03-370x270.jpeg\" alt=\"WhatsApp Image 2022-04-01 at 15.38.03\" \/><\/figure>\n<figure><img decoding=\"async\" src=\"http:\/\/tractorservice.eng.br\/wp-content\/uploads\/2022\/04\/WhatsApp-Image-2022-04-01-at-15.38.04-370x270.jpeg\" alt=\"WhatsApp Image 2022-04-01 at 15.38.04\" \/><\/figure>\n<h2>Medi\u00e7\u00f5es<\/h2>\n<p style=\"text-align: justify;\">Medi\u00e7\u00f5es com analise e readequa\u00e7\u00e3o de sistema de aterramento segundo a NBR 5410<\/p>\n","protected":false},"excerpt":{"rendered":"<p>Climatiza\u00e7\u00e3o Instala\u00e7\u00e3o Thermal Instala\u00e7\u00e3o de equipamento de ar condicionado de precis\u00e3o, com execu\u00e7\u00e3o de infra estrutura, passagem de tubula\u00e7\u00e3o frigorigena [&hellip;]<\/p>\n","protected":false},"author":1,"featured_media":0,"parent":0,"menu_order":0,"comment_status":"closed","ping_status":"closed","template":"","meta":{"_uag_custom_page_level_css":"","_monsterinsights_skip_tracking":false,"_monsterinsights_sitenote_active":false,"_monsterinsights_sitenote_note":"","_monsterinsights_sitenote_category":0,"footnotes":"","_joinchat":[]},"aioseo_notices":[],"uagb_featured_image_src":{"full":false,"thumbnail":false,"medium":false,"medium_large":false,"large":false,"1536x1536":false,"2048x2048":false,"flash-square":false,"flash-big":false,"flash-grid":false},"uagb_author_info":{"display_name":"paulooneda","author_link":"https:\/\/tractorservice.eng.br\/index.php\/author\/paulooneda\/"},"uagb_comment_info":0,"uagb_excerpt":"Climatiza\u00e7\u00e3o Instala\u00e7\u00e3o Thermal Instala\u00e7\u00e3o de equipamento de ar condicionado de precis\u00e3o, com execu\u00e7\u00e3o de infra estrutura, passagem de tubula\u00e7\u00e3o frigorigena [&hellip;]","_links":{"self":[{"href":"https:\/\/tractorservice.eng.br\/index.php\/wp-json\/wp\/v2\/pages\/1629"}],"collection":[{"href":"https:\/\/tractorservice.eng.br\/index.php\/wp-json\/wp\/v2\/pages"}],"about":[{"href":"https:\/\/tractorservice.eng.br\/index.php\/wp-json\/wp\/v2\/types\/page"}],"author":[{"embeddable":true,"href":"https:\/\/tractorservice.eng.br\/index.php\/wp-json\/wp\/v2\/users\/1"}],"replies":[{"embeddable":true,"href":"https:\/\/tractorservice.eng.br\/index.php\/wp-json\/wp\/v2\/comments?post=1629"}],"version-history":[{"count":726,"href":"https:\/\/tractorservice.eng.br\/index.php\/wp-json\/wp\/v2\/pages\/1629\/revisions"}],"predecessor-version":[{"id":3312,"href":"https:\/\/tractorservice.eng.br\/index.php\/wp-json\/wp\/v2\/pages\/1629\/revisions\/3312"}],"wp:attachment":[{"href":"https:\/\/tractorservice.eng.br\/index.php\/wp-json\/wp\/v2\/media?parent=1629"}],"curies":[{"name":"wp","href":"https:\/\/api.w.org\/{rel}","templated":true}]}}