{"id":719,"date":"2017-01-02T08:28:52","date_gmt":"2017-01-02T08:28:52","guid":{"rendered":"https:\/\/demo.themegrill.com\/flash-default-2\/?page_id=5"},"modified":"2023-05-26T15:24:39","modified_gmt":"2023-05-26T18:24:39","slug":"home","status":"publish","type":"page","link":"https:\/\/tractorservice.eng.br\/","title":{"rendered":"Home"},"content":{"rendered":"<div id=\"pl-719\"  class=\"panel-layout\" ><div id=\"pg-719-0\"  class=\"panel-grid panel-has-style\" ><div class=\"siteorigin-panels-stretch panel-row-style panel-row-style-for-719-0\" data-stretch-type=\"full-stretched\" ><div id=\"pgc-719-0-0\"  class=\"panel-grid-cell\" ><div id=\"panel-719-0-0-0\" class=\"so-panel widget widget_themegrill_flash_slider tg-section tg-slider-widget panel-first-child panel-last-child\" data-index=\"0\" ><div class=\"flash_inherit_color panel-widget-style panel-widget-style-for-719-0-0-0\" id=\"climatizacao\" ><div class=\"tg-slider-widget slider-dark slider-content-center slider-control-center full-width\">\n\t<div class=\"swiper-container\">\n\t\t<div class=\"swiper-wrapper\">\n\t\t\t\n\t\t\t\t\t<div class=\"swiper-slide\">\n\t\t\t\t\t\t<figure class=\"slider-image\" >\n\t\t\t\t\t\t\t<img width=\"2560\" height=\"1701\"\t\t\t\t\t\t\t\t\tsrc=\"http:\/\/tractorservice.eng.br\/wp-content\/uploads\/2022\/03\/pexels-pixabay-416423-scaled.jpg\"\n\t\t\t\t\t\t\t\t\talt=\"Climatiza\u00e7\u00e3o\"\n\t\t\t\t\t\t\t\t\ttitle=\"Climatiza\u00e7\u00e3o\"\/>\n\t\t\t\t\t\t\t<div class=\"overlay\"><\/div>\n\t\t\t\t\t\t<\/figure>\n\t\t\t\t\t\t<div class=\"slider-content\">\n\t\t\t\t\t\t\t<div class=\"tg-container\">\n\t\t\t\t\t\t\t\t<div class=\"caption-title\">Climatiza\u00e7\u00e3o<\/div>\n\t\t\t\t\t\t\t\t<div class=\"caption-desc\">Instala\u00e7\u00e3o, dimensionamento e projetos<\/div>\n\t\t\t\t\t\t\t\t\t\t\t\t\t\t\t\t\t<div class=\"btn-wrapper\">\n\t\t\t\t\t\t\t\t\t\t<a href=\"http:\/\/tractorservice.eng.br\/index.php\/climatizacao\/\">Saiba Mais<\/a>\n\t\t\t\t\t\t\t\t\t<\/div>\n\t\t\t\t\t\t\t\t\t\t\t\t\t\t\t<\/div>\n\t\t\t\t\t\t<\/div>\n\t\t\t\t\t<\/div>\n\n\t\t\t\t\n\t\t\t\t\t<div class=\"swiper-slide\">\n\t\t\t\t\t\t<figure class=\"slider-image\" >\n\t\t\t\t\t\t\t<img width=\"2560\" height=\"1707\"\t\t\t\t\t\t\t\t\tsrc=\"http:\/\/tractorservice.eng.br\/wp-content\/uploads\/2022\/02\/markus-spiske-Y8R6_97_6Ps-unsplash-scaled.jpg\"\n\t\t\t\t\t\t\t\t\talt=\"Sistema de Energia\"\n\t\t\t\t\t\t\t\t\ttitle=\"Sistema de Energia\"\/>\n\t\t\t\t\t\t\t<div class=\"overlay\"><\/div>\n\t\t\t\t\t\t<\/figure>\n\t\t\t\t\t\t<div class=\"slider-content\">\n\t\t\t\t\t\t\t<div class=\"tg-container\">\n\t\t\t\t\t\t\t\t<div class=\"caption-title\">Sistema de Energia<\/div>\n\t\t\t\t\t\t\t\t<div class=\"caption-desc\">Nobreak, UPS, Efici\u00eancia Energ\u00e9tica\n<\/div>\n\t\t\t\t\t\t\t\t\t\t\t\t\t\t\t\t\t<div class=\"btn-wrapper\">\n\t\t\t\t\t\t\t\t\t\t<a href=\"http:\/\/tractorservice.eng.br\/index.php\/no-break\/\">Saiba Mais<\/a>\n\t\t\t\t\t\t\t\t\t<\/div>\n\t\t\t\t\t\t\t\t\t\t\t\t\t\t\t<\/div>\n\t\t\t\t\t\t<\/div>\n\t\t\t\t\t<\/div>\n\n\t\t\t\t\n\t\t\t\t\t<div class=\"swiper-slide\">\n\t\t\t\t\t\t<figure class=\"slider-image\" >\n\t\t\t\t\t\t\t<img width=\"1920\" height=\"1280\"\t\t\t\t\t\t\t\t\tsrc=\"http:\/\/tractorservice.eng.br\/wp-content\/uploads\/2022\/03\/architecture-gb2ab04639_1920.jpg\"\n\t\t\t\t\t\t\t\t\talt=\"Manuten\u00e7\u00e3o Predial\"\n\t\t\t\t\t\t\t\t\ttitle=\"Manuten\u00e7\u00e3o Predial\"\/>\n\t\t\t\t\t\t\t<div class=\"overlay\"><\/div>\n\t\t\t\t\t\t<\/figure>\n\t\t\t\t\t\t<div class=\"slider-content\">\n\t\t\t\t\t\t\t<div class=\"tg-container\">\n\t\t\t\t\t\t\t\t<div class=\"caption-title\">Manuten\u00e7\u00e3o Predial<\/div>\n\t\t\t\t\t\t\t\t<div class=\"caption-desc\">Projetos, gerenciamento e manuten\u00e7\u00e3o<\/div>\n\t\t\t\t\t\t\t\t\t\t\t\t\t\t\t\t\t<div class=\"btn-wrapper\">\n\t\t\t\t\t\t\t\t\t\t<a href=\"http:\/\/tractorservice.eng.br\/index.php\/pagina-1-servicos-manutencao-predial\/\">Saiba Mais<\/a>\n\t\t\t\t\t\t\t\t\t<\/div>\n\t\t\t\t\t\t\t\t\t\t\t\t\t\t\t<\/div>\n\t\t\t\t\t\t<\/div>\n\t\t\t\t\t<\/div>\n\n\t\t\t\t\n\t\t\t\t\t<div class=\"swiper-slide\">\n\t\t\t\t\t\t<figure class=\"slider-image\" >\n\t\t\t\t\t\t\t<img width=\"1800\" height=\"1013\"\t\t\t\t\t\t\t\t\tsrc=\"http:\/\/tractorservice.eng.br\/wp-content\/uploads\/2022\/03\/WhatsApp-Image-2022-03-24-at-17.23.30-2.jpeg\"\n\t\t\t\t\t\t\t\t\talt=\"Inc\u00eandio\"\n\t\t\t\t\t\t\t\t\ttitle=\"Inc\u00eandio\"\/>\n\t\t\t\t\t\t\t<div class=\"overlay\"><\/div>\n\t\t\t\t\t\t<\/figure>\n\t\t\t\t\t\t<div class=\"slider-content\">\n\t\t\t\t\t\t\t<div class=\"tg-container\">\n\t\t\t\t\t\t\t\t<div class=\"caption-title\">Inc\u00eandio<\/div>\n\t\t\t\t\t\t\t\t<div class=\"caption-desc\">INSTALA\u00c7\u00c3O, MANUTEN\u00c7\u00c3O E PROJETOS DE SISTEMAS DE COMBATE A INC\u00caNDIO<\/div>\n\t\t\t\t\t\t\t\t\t\t\t\t\t\t\t\t\t<div class=\"btn-wrapper\">\n\t\t\t\t\t\t\t\t\t\t<a href=\"http:\/\/tractorservice.eng.br\/index.php\/pagina-1-servicos\/\">Saiba Mais<\/a>\n\t\t\t\t\t\t\t\t\t<\/div>\n\t\t\t\t\t\t\t\t\t\t\t\t\t\t\t<\/div>\n\t\t\t\t\t\t<\/div>\n\t\t\t\t\t<\/div>\n\n\t\t\t\t\n\t\t\t\t\t<div class=\"swiper-slide\">\n\t\t\t\t\t\t<figure class=\"slider-image\" >\n\t\t\t\t\t\t\t<img width=\"2560\" height=\"1710\"\t\t\t\t\t\t\t\t\tsrc=\"http:\/\/tractorservice.eng.br\/wp-content\/uploads\/2022\/03\/pexels-los-muertos-crew-8853502-scaled.jpg\"\n\t\t\t\t\t\t\t\t\talt=\"Sistema Fotovoltaico\"\n\t\t\t\t\t\t\t\t\ttitle=\"Sistema Fotovoltaico\"\/>\n\t\t\t\t\t\t\t<div class=\"overlay\"><\/div>\n\t\t\t\t\t\t<\/figure>\n\t\t\t\t\t\t<div class=\"slider-content\">\n\t\t\t\t\t\t\t<div class=\"tg-container\">\n\t\t\t\t\t\t\t\t<div class=\"caption-title\">Sistema Fotovoltaico<\/div>\n\t\t\t\t\t\t\t\t<div class=\"caption-desc\">INSTALA\u00c7\u00c3O, MANUTEN\u00c7\u00c3O E PROJETOS<\/div>\n\t\t\t\t\t\t\t\t\t\t\t\t\t\t\t\t\t<div class=\"btn-wrapper\">\n\t\t\t\t\t\t\t\t\t\t<a href=\"http:\/\/tractorservice.eng.br\/index.php\/sistemas-fotovoltaico\/\">Saiba Mais<\/a>\n\t\t\t\t\t\t\t\t\t<\/div>\n\t\t\t\t\t\t\t\t\t\t\t\t\t\t\t<\/div>\n\t\t\t\t\t\t<\/div>\n\t\t\t\t\t<\/div>\n\n\t\t\t\t\t\t<\/div>\n\t\t<div class=\"swiper-pagination\"><\/div>\n\t\t<div class=\"slider-arrow\">\n\t\t\t<div class=\"swiper-button-next\"><\/div>\n\t\t\t<div class=\"swiper-button-prev\"><\/div>\n\t\t<\/div>\n\t<\/div>\n<\/div>\n<\/div><\/div><\/div><\/div><\/div><div id=\"pg-719-1\"  class=\"panel-grid panel-has-style\" ><div class=\"siteorigin-panels-stretch panel-row-style panel-row-style-for-719-1\" data-stretch-type=\"full-stretched-padded\" ><div id=\"pgc-719-1-0\"  class=\"panel-grid-cell\" ><div id=\"panel-719-1-0-0\" class=\"so-panel widget widget_themegrill_flash_heading tg-widget section-title-wrapper panel-first-child panel-last-child\" data-index=\"1\" ><div class=\"flash_inherit_color panel-widget-style panel-widget-style-for-719-1-0-0\" >\t<h3 class=\"section-title\">Nossos Servi\u00e7os<\/h3>\n\t<div class=\"section-description\">DIRECIONADA A PROJETOS DE ENGENHARIA E VENDA DE EQUIPAMENTOS<\/div>\n<\/div><\/div><\/div><\/div><\/div><div id=\"pg-719-2\"  class=\"panel-grid panel-has-style\" ><div class=\"siteorigin-panels-stretch panel-row-style panel-row-style-for-719-2\" data-stretch-type=\"full\" ><div id=\"pgc-719-2-0\"  class=\"panel-grid-cell\" ><div id=\"panel-719-2-0-0\" class=\"so-panel widget widget_themegrill_flash_service tg-widget tg-single-service panel-first-child panel-last-child\" data-index=\"2\" ><div class=\"flash_inherit_color panel-widget-style panel-widget-style-for-719-2-0-0\" >\n<div class=\"tg-service-widget tg-service-layout-1\">\n\t<div class=\"service-wrapper\">\n\t\t<div class=\"service-icon-title-wrapper clearfix\">\n\t\t\t\t\t\t\t\t\t<figure class=\"service-image-wrap\"><img decoding=\"async\" src=\"http:\/\/tractorservice.eng.br\/wp-content\/uploads\/2022\/03\/WhatsApp-Image-2022-03-24-at-16.44.04.jpeg\" \/><\/figure>\n\t\t\t\t\t\t\t\t\t<h3 class=\"service-title-wrap\">\n\t\t\t\t\t\t\t\t<a href=\"http:\/\/tractorservice.eng.br\/index.php\/climatizacao\/\">\n\t\t\t\tCLIMATIZA\u00c7\u00c3O\t\t\t\t\t\t\t\t<\/a>\n\t\t\t\t\t\t\t<\/h3>\n\t\t\t\t\t<\/div>\n\t\t\t\t<div class=\"service-content-wrap\">Voltados para ambientes cr\u00edticos como salas cofres, datacenter, onde seu funcionamento \u00e9 24\/7, trabalha com a climatiza\u00e7\u00e3o de salas t\u00e9cnicas, servidores, racks de inform\u00e1ticas, Storages entre outros. Onde h\u00e1 um controle de temperatura e umidade preciso, com uma alta vaz\u00e3o destinada para uma melhor eficiencia e refrigera\u00e7\u00e3o do ambiente critico.<\/div>\n\t\t\t\t\t\t<a class=\"service-more\" href=\"http:\/\/tractorservice.eng.br\/index.php\/climatizacao\/\">Saiba Mais<\/a>\n\t\t\t<\/div>\n<\/div>\n<\/div><\/div><\/div><div id=\"pgc-719-2-1\"  class=\"panel-grid-cell\" ><div id=\"panel-719-2-1-0\" class=\"so-panel widget widget_themegrill_flash_service tg-widget tg-single-service panel-first-child panel-last-child\" data-index=\"3\" ><div class=\"flash_inherit_color panel-widget-style panel-widget-style-for-719-2-1-0\" >\n<div class=\"tg-service-widget tg-service-layout-1\">\n\t<div class=\"service-wrapper\">\n\t\t<div class=\"service-icon-title-wrapper clearfix\">\n\t\t\t\t\t\t\t\t\t<figure class=\"service-image-wrap\"><img decoding=\"async\" src=\"http:\/\/tractorservice.eng.br\/wp-content\/uploads\/2022\/03\/WhatsApp-Image-2022-03-24-at-17.51.05-1.jpeg\" \/><\/figure>\n\t\t\t\t\t\t\t\t\t<h3 class=\"service-title-wrap\">\n\t\t\t\t\t\t\t\t<a href=\"http:\/\/tractorservice.eng.br\/index.php\/no-break\/\">\n\t\t\t\tNOBREAK\t\t\t\t\t\t\t\t<\/a>\n\t\t\t\t\t\t\t<\/h3>\n\t\t\t\t\t<\/div>\n\t\t\t\t<div class=\"service-content-wrap\">O No-Break, tecnicamente conhecido por UPS \u2013 Uninterruptable Power Supply, tem como fun\u00e7\u00e3o principal o suprimento tempor\u00e1rio de energia ao sistema, fazendo isso de forma autom\u00e1tica em caso de falha na transmiss\u00e3o el\u00e9trica.<\/div>\n\t\t\t\t\t\t<a class=\"service-more\" href=\"http:\/\/tractorservice.eng.br\/index.php\/no-break\/\">Saiba Mais<\/a>\n\t\t\t<\/div>\n<\/div>\n<\/div><\/div><\/div><div id=\"pgc-719-2-2\"  class=\"panel-grid-cell\" ><div id=\"panel-719-2-2-0\" class=\"so-panel widget widget_themegrill_flash_service tg-widget tg-single-service panel-first-child panel-last-child\" data-index=\"4\" >\n<div class=\"tg-service-widget tg-service-layout-1\">\n\t<div class=\"service-wrapper\">\n\t\t<div class=\"service-icon-title-wrapper clearfix\">\n\t\t\t\t\t\t\t\t\t<figure class=\"service-image-wrap\"><img decoding=\"async\" src=\"http:\/\/tractorservice.eng.br\/wp-content\/uploads\/2022\/03\/eficiencia-energetica.jpg\" \/><\/figure>\n\t\t\t\t\t\t\t\t\t<h3 class=\"service-title-wrap\">\n\t\t\t\t\t\t\t\t<a href=\"http:\/\/tractorservice.eng.br\/index.php\/eficiencia-energetica\/\">\n\t\t\t\tEFICI\u00caNCIA ENERG\u00c9TICA\t\t\t\t\t\t\t\t<\/a>\n\t\t\t\t\t\t\t<\/h3>\n\t\t\t\t\t<\/div>\n\t\t\t\t<div class=\"service-content-wrap\">Com o grande aumento das tarifas de energia el\u00e9trica, buscamos solu\u00e7\u00f5es para reduzir gastos e ainda ter maior controle sobre equipamentos, melhorando o uso das fontes de energia.<\/div>\n\t\t\t\t\t\t<a class=\"service-more\" href=\"http:\/\/tractorservice.eng.br\/index.php\/eficiencia-energetica\/\">Saiba Mais<\/a>\n\t\t\t<\/div>\n<\/div>\n<\/div><\/div><div id=\"pgc-719-2-3\"  class=\"panel-grid-cell\" ><div id=\"panel-719-2-3-0\" class=\"so-panel widget widget_themegrill_flash_service tg-widget tg-single-service panel-first-child panel-last-child\" data-index=\"5\" ><div class=\"panel-widget-style panel-widget-style-for-719-2-3-0\" >\n<div class=\"tg-service-widget tg-service-layout-1\">\n\t<div class=\"service-wrapper\">\n\t\t<div class=\"service-icon-title-wrapper clearfix\">\n\t\t\t\t\t\t\t\t\t<figure class=\"service-image-wrap\"><img decoding=\"async\" src=\"http:\/\/tractorservice.eng.br\/wp-content\/uploads\/2022\/02\/construction-worker-safety-2578410.jpg\" \/><\/figure>\n\t\t\t\t\t\t\t\t\t<h3 class=\"service-title-wrap\">\n\t\t\t\t\t\t\t\t<a href=\"http:\/\/tractorservice.eng.br\/index.php\/pagina-1-servicos-manutencao-predial\/\">\n\t\t\t\tMANUTEN\u00c7\u00c3O PREDIAL\t\t\t\t\t\t\t\t<\/a>\n\t\t\t\t\t\t\t<\/h3>\n\t\t\t\t\t<\/div>\n\t\t\t\t<div class=\"service-content-wrap\">Preservar a vida \u00fatil da edifica\u00e7\u00e3o, garantindo a seguran\u00e7a das pessoas, \u00e9 o principal objetivo da manuten\u00e7\u00e3o predial. A\u00e7\u00f5es planejadas de avalia\u00e7\u00e3o, conserva\u00e7\u00e3o e recupera\u00e7\u00e3o de sistemas e equipamentos de um pr\u00e9dio garantem tamb\u00e9m a valoriza\u00e7\u00e3o do local e bem-estar individual e coletivo, seja em estruturas novas ou mais antigas.<\/div>\n\t\t\t\t\t\t<a class=\"service-more\" href=\"http:\/\/tractorservice.eng.br\/index.php\/pagina-1-servicos-manutencao-predial\/\">Saiba Mais<\/a>\n\t\t\t<\/div>\n<\/div>\n<\/div><\/div><\/div><div id=\"pgc-719-2-4\"  class=\"panel-grid-cell\" ><div id=\"panel-719-2-4-0\" class=\"so-panel widget widget_themegrill_flash_service tg-widget tg-single-service panel-first-child panel-last-child\" data-index=\"6\" >\n<div class=\"tg-service-widget tg-service-layout-1\">\n\t<div class=\"service-wrapper\">\n\t\t<div class=\"service-icon-title-wrapper clearfix\">\n\t\t\t\t\t\t\t\t\t<figure class=\"service-image-wrap\"><img decoding=\"async\" src=\"http:\/\/tractorservice.eng.br\/wp-content\/uploads\/2022\/03\/WhatsApp-Image-2022-03-24-at-17.23.30.jpeg\" \/><\/figure>\n\t\t\t\t\t\t\t\t\t<h3 class=\"service-title-wrap\">\n\t\t\t\t\t\t\t\t<a href=\"http:\/\/tractorservice.eng.br\/index.php\/pagina-1-servicos\/\">\n\t\t\t\tINC\u00caNDIO\t\t\t\t\t\t\t\t<\/a>\n\t\t\t\t\t\t\t<\/h3>\n\t\t\t\t\t<\/div>\n\t\t\t\t<div class=\"service-content-wrap\">Garantir a seguran\u00e7a dos funcion\u00e1rios \u00e9 prioridade nos mais variados segmentos. N\u00e3o \u00e9 por menos que a implanta\u00e7\u00e3o de sistemas de prote\u00e7\u00e3o contra inc\u00eandio longe de ser visto como despesa, \u00e9 um investimento mais do que essencial nas empresas<\/div>\n\t\t\t\t\t\t<a class=\"service-more\" href=\"http:\/\/tractorservice.eng.br\/index.php\/pagina-1-servicos\/\">Saiba Mais<\/a>\n\t\t\t<\/div>\n<\/div>\n<\/div><\/div><div id=\"pgc-719-2-5\"  class=\"panel-grid-cell\" ><div id=\"panel-719-2-5-0\" class=\"so-panel widget widget_themegrill_flash_service tg-widget tg-single-service panel-first-child panel-last-child\" data-index=\"7\" >\n<div class=\"tg-service-widget tg-service-layout-1\">\n\t<div class=\"service-wrapper\">\n\t\t<div class=\"service-icon-title-wrapper clearfix\">\n\t\t\t\t\t\t\t\t\t<figure class=\"service-image-wrap\"><img decoding=\"async\" src=\"http:\/\/tractorservice.eng.br\/wp-content\/uploads\/2022\/03\/pexels-los-muertos-crew-8853502-scaled.jpg\" \/><\/figure>\n\t\t\t\t\t\t\t\t\t<h3 class=\"service-title-wrap\">\n\t\t\t\t\t\t\t\t<a href=\"http:\/\/tractorservice.eng.br\/index.php\/sistemas-fotovoltaico\/\">\n\t\t\t\tSISTEMAS FOTOVOLTAICO\t\t\t\t\t\t\t\t<\/a>\n\t\t\t\t\t\t\t<\/h3>\n\t\t\t\t\t<\/div>\n\t\t\t\t<div class=\"service-content-wrap\">Nada mais \u00e9 do que um sistema de energia solar capaz de gerar energia el\u00e9trica por meio de pain\u00e9is respons\u00e1veis pela capta\u00e7\u00e3o da luz do sol. \u00c9 um tipo de sistema que gera uma energia renov\u00e1vel e limpa para uso empresarial e dom\u00e9stico.<\/div>\n\t\t\t\t\t\t<a class=\"service-more\" href=\"http:\/\/tractorservice.eng.br\/index.php\/sistemas-fotovoltaico\/\">Saiba Mais<\/a>\n\t\t\t<\/div>\n<\/div>\n<\/div><\/div><\/div><\/div><div id=\"pg-719-3\"  class=\"panel-grid panel-has-style\" ><div class=\"siteorigin-panels-stretch panel-row-style panel-row-style-for-719-3\" data-stretch-type=\"full-stretched-padded\" ><div id=\"pgc-719-3-0\"  class=\"panel-grid-cell\" ><div id=\"panel-719-3-0-0\" class=\"so-panel widget widget_themegrill_flash_heading tg-widget section-title-wrapper panel-first-child panel-last-child\" data-index=\"8\" ><div class=\"flash_inherit_color panel-widget-style panel-widget-style-for-719-3-0-0\" >\t<h3 class=\"section-title\">Produtos<\/h3>\n\t<div class=\"section-description\">Nobreak<\/div>\n<\/div><\/div><\/div><\/div><\/div><div id=\"pg-719-4\"  class=\"panel-grid panel-has-style\" ><div class=\"panel-row-style panel-row-style-for-719-4\" ><div id=\"pgc-719-4-0\"  class=\"panel-grid-cell panel-grid-cell-empty\" ><\/div><\/div><\/div><div id=\"pg-719-5\"  class=\"panel-grid panel-no-style\" ><div id=\"pgc-719-5-0\"  class=\"panel-grid-cell panel-grid-cell-empty\" ><\/div><div id=\"pgc-719-5-1\"  class=\"panel-grid-cell panel-grid-cell-empty\" ><\/div><div id=\"pgc-719-5-2\"  class=\"panel-grid-cell panel-grid-cell-empty\" ><\/div><div id=\"pgc-719-5-3\"  class=\"panel-grid-cell panel-grid-cell-empty\" ><\/div><div id=\"pgc-719-5-4\"  class=\"panel-grid-cell panel-grid-cell-empty panel-grid-cell-mobile-last\" ><\/div><div id=\"pgc-719-5-5\"  class=\"panel-grid-cell panel-grid-cell-empty\" ><\/div><\/div><div id=\"pg-719-6\"  class=\"panel-grid panel-has-style\" ><div class=\"siteorigin-panels-stretch panel-row-style panel-row-style-for-719-6\" data-stretch-type=\"full-stretched\" ><div id=\"pgc-719-6-0\"  class=\"panel-grid-cell\" ><div id=\"panel-719-6-0-0\" class=\"so-panel widget widget_themegrill_flash_cta tg-widget call-to-action-section panel-first-child panel-last-child\" data-index=\"9\" ><div class=\"panel-widget-style panel-widget-style-for-719-6-0-0\" ><div class=\"cta-wrapper call-to-action-section-layout-1\">\n\t<div class=\"section-title-wrapper\">\n\t\t\t\t<h3 class=\"section-title\">Buscando Solu\u00e7\u00f5es e projetos de engenharia ?<\/h3>\n\t\t\t<\/div>\n\t\t<div class=\"btn-wrapper\">\n\t\t\t\t<a class=\"btn\" href=\"http:\/\/tractorservice.eng.br\/index.php\/contact\/\">Saiba mais<\/a>\n\t\t\t\t\t<\/div>\n\t<\/div>\n<\/div><\/div><\/div><\/div><\/div><div id=\"pg-719-7\"  class=\"panel-grid panel-has-style\" ><div class=\"siteorigin-panels-stretch panel-row-style panel-row-style-for-719-7\" data-stretch-type=\"full\" ><div id=\"pgc-719-7-0\"  class=\"panel-grid-cell panel-grid-cell-empty\" ><\/div><\/div><\/div><div id=\"pg-719-8\"  class=\"panel-grid panel-has-style\" ><div class=\"panel-row-style panel-row-style-for-719-8\" ><div id=\"pgc-719-8-0\"  class=\"panel-grid-cell\" ><div id=\"panel-719-8-0-0\" class=\"so-panel widget widget_themegrill_flash_blog tg-widget blog-section panel-first-child panel-last-child\" data-index=\"10\" >\n<div class=\"blog-wrapper tg-column-wrapper tg-blog-widget-layout-2\">\n\t<\/div><!-- .blog-wrapper -->\n<\/div><\/div><\/div><\/div><div id=\"pg-719-9\"  class=\"panel-grid panel-has-style\" ><div class=\"siteorigin-panels-stretch panel-row-style panel-row-style-for-719-9\" data-stretch-type=\"full\" ><div id=\"pgc-719-9-0\"  class=\"panel-grid-cell panel-grid-cell-empty\" ><\/div><\/div><\/div><div id=\"pg-719-10\"  class=\"panel-grid panel-no-style\" ><div id=\"pgc-719-10-0\"  class=\"panel-grid-cell panel-grid-cell-empty\" ><\/div><\/div><\/div>","protected":false},"excerpt":{"rendered":"<p>Climatiza\u00e7\u00e3o Instala\u00e7\u00e3o, dimensionamento e projetos Saiba Mais Sistema de Energia Nobreak, UPS, Efici\u00eancia Energ\u00e9tica Saiba Mais Manuten\u00e7\u00e3o Predial Projetos, gerenciamento [&hellip;]<\/p>\n","protected":false},"author":1,"featured_media":0,"parent":0,"menu_order":0,"comment_status":"closed","ping_status":"closed","template":"","meta":{"_uag_custom_page_level_css":"","_monsterinsights_skip_tracking":false,"_monsterinsights_sitenote_active":false,"_monsterinsights_sitenote_note":"","_monsterinsights_sitenote_category":0,"footnotes":"","_joinchat":[]},"aioseo_notices":[],"uagb_featured_image_src":{"full":false,"thumbnail":false,"medium":false,"medium_large":false,"large":false,"1536x1536":false,"2048x2048":false,"flash-square":false,"flash-big":false,"flash-grid":false},"uagb_author_info":{"display_name":"paulooneda","author_link":"https:\/\/tractorservice.eng.br\/index.php\/author\/paulooneda\/"},"uagb_comment_info":0,"uagb_excerpt":"Climatiza\u00e7\u00e3o Instala\u00e7\u00e3o, dimensionamento e projetos Saiba Mais Sistema de Energia Nobreak, UPS, Efici\u00eancia Energ\u00e9tica Saiba Mais Manuten\u00e7\u00e3o Predial Projetos, gerenciamento [&hellip;]","_links":{"self":[{"href":"https:\/\/tractorservice.eng.br\/index.php\/wp-json\/wp\/v2\/pages\/719"}],"collection":[{"href":"https:\/\/tractorservice.eng.br\/index.php\/wp-json\/wp\/v2\/pages"}],"about":[{"href":"https:\/\/tractorservice.eng.br\/index.php\/wp-json\/wp\/v2\/types\/page"}],"author":[{"embeddable":true,"href":"https:\/\/tractorservice.eng.br\/index.php\/wp-json\/wp\/v2\/users\/1"}],"replies":[{"embeddable":true,"href":"https:\/\/tractorservice.eng.br\/index.php\/wp-json\/wp\/v2\/comments?post=719"}],"version-history":[{"count":463,"href":"https:\/\/tractorservice.eng.br\/index.php\/wp-json\/wp\/v2\/pages\/719\/revisions"}],"predecessor-version":[{"id":3318,"href":"https:\/\/tractorservice.eng.br\/index.php\/wp-json\/wp\/v2\/pages\/719\/revisions\/3318"}],"wp:attachment":[{"href":"https:\/\/tractorservice.eng.br\/index.php\/wp-json\/wp\/v2\/media?parent=719"}],"curies":[{"name":"wp","href":"https:\/\/api.w.org\/{rel}","templated":true}]}}